{"id":210487,"date":"2022-11-08T12:34:15","date_gmt":"2022-11-08T09:34:15","guid":{"rendered":"https:\/\/multicom.com.tr\/urun\/an0445m05-anten\/"},"modified":"2024-10-21T09:42:51","modified_gmt":"2024-10-21T06:42:51","slug":"an0445m05-anten","status":"publish","type":"product","link":"https:\/\/multicom.com.tr\/ar\/urun\/an0445m05-anten\/","title":{"rendered":"\u00d9\u2021\u00d9\u02c6\u00d8\u00a7\u00d8\u00a6\u00d9\u0160 AN0445M05"},"content":{"rendered":"<p>\u00d9\u2021\u00d9\u02c6\u00d8\u00a7\u00d8\u00a6\u00d9\u0160 AN0445M05<\/p>\n","protected":false},"excerpt":{"rendered":"<p>\u00d9\u2021\u00d9\u02c6\u00d8\u00a7\u00d8\u00a6\u00d9\u0160 AN0445M05<\/p>\n","protected":false},"featured_media":204994,"template":"","meta":[],"product_brand":[],"product_cat":[164],"product_tag":[],"class_list":{"0":"post-210487","1":"product","2":"type-product","3":"status-publish","4":"has-post-thumbnail","6":"product_cat-aksesuarlar-ar","8":"first","9":"instock","10":"shipping-taxable","11":"product-type-simple"},"_links":{"self":[{"href":"https:\/\/multicom.com.tr\/ar\/wp-json\/wp\/v2\/product\/210487","targetHints":{"allow":["GET"]}}],"collection":[{"href":"https:\/\/multicom.com.tr\/ar\/wp-json\/wp\/v2\/product"}],"about":[{"href":"https:\/\/multicom.com.tr\/ar\/wp-json\/wp\/v2\/types\/product"}],"version-history":[{"count":1,"href":"https:\/\/multicom.com.tr\/ar\/wp-json\/wp\/v2\/product\/210487\/revisions"}],"predecessor-version":[{"id":211599,"href":"https:\/\/multicom.com.tr\/ar\/wp-json\/wp\/v2\/product\/210487\/revisions\/211599"}],"wp:featuredmedia":[{"embeddable":true,"href":"https:\/\/multicom.com.tr\/ar\/wp-json\/wp\/v2\/media\/204994"}],"wp:attachment":[{"href":"https:\/\/multicom.com.tr\/ar\/wp-json\/wp\/v2\/media?parent=210487"}],"wp:term":[{"taxonomy":"product_brand","embeddable":true,"href":"https:\/\/multicom.com.tr\/ar\/wp-json\/wp\/v2\/product_brand?post=210487"},{"taxonomy":"product_cat","embeddable":true,"href":"https:\/\/multicom.com.tr\/ar\/wp-json\/wp\/v2\/product_cat?post=210487"},{"taxonomy":"product_tag","embeddable":true,"href":"https:\/\/multicom.com.tr\/ar\/wp-json\/wp\/v2\/product_tag?post=210487"}],"curies":[{"name":"wp","href":"https:\/\/api.w.org\/{rel}","templated":true}]}}