{"id":210246,"date":"2022-11-14T15:49:39","date_gmt":"2022-11-14T12:49:39","guid":{"rendered":"https:\/\/multicom.com.tr\/urun\/ean-21-akustik-tuplu-tel-kulaklik\/"},"modified":"2024-10-21T10:14:59","modified_gmt":"2024-10-21T07:14:59","slug":"ean-21-akustik-tuplu-tel-kulaklik","status":"publish","type":"product","link":"https:\/\/multicom.com.tr\/ar\/urun\/ean-21-akustik-tuplu-tel-kulaklik\/","title":{"rendered":"\u00d8\u00b3\u00d9\u2026\u00d8\u00a7\u00d8\u00b9\u00d8\u00a9 \u00d8\u00a7\u00d9\u201e\u00d8\u00a3\u00d8\u00b0\u00d9\u2020 \u00d8\u00a7\u00d9\u201e\u00d8\u00a3\u00d9\u2020\u00d8\u00a8\u00d9\u02c6\u00d8\u00a8\u00d9\u0160\u00d8\u00a9 \u00d8\u00a7\u00d9\u201e\u00d8\u00b5\u00d9\u02c6\u00d8\u00aa\u00d9\u0160\u00d8\u00a9 \u00d8\u00a7\u00d9\u201e\u00d8\u00a3\u00d9\u2020\u00d8\u00a8\u00d9\u02c6\u00d8\u00a8\u00d9\u0160\u00d8\u00a9 \u00d8\u00a7\u00d9\u201e\u00d9\u2026\u00d8\u00ad\u00d9\u2026\u00d9\u02c6\u00d9\u201e\u00d8\u00a9 \u00d8\u00a8\u00d8\u00a7\u00d9\u201e\u00d9\u0160\u00d8\u00af EAN 21"},"content":{"rendered":"<p>\u00d8\u00b3\u00d9\u2026\u00d8\u00a7\u00d8\u00b9\u00d8\u00a9 \u00d8\u00a7\u00d9\u201e\u00d8\u00a3\u00d8\u00b0\u00d9\u2020 \u00d8\u00a7\u00d9\u201e\u00d8\u00a3\u00d9\u2020\u00d8\u00a8\u00d9\u02c6\u00d8\u00a8\u00d9\u0160\u00d8\u00a9 \u00d8\u00a7\u00d9\u201e\u00d8\u00b5\u00d9\u02c6\u00d8\u00aa\u00d9\u0160\u00d8\u00a9 \u00d8\u00a7\u00d9\u201e\u00d8\u00a3\u00d9\u2020\u00d8\u00a8\u00d9\u02c6\u00d8\u00a8\u00d9\u0160\u00d8\u00a9 \u00d8\u00a7\u00d9\u201e\u00d9\u2026\u00d8\u00ad\u00d9\u2026\u00d9\u02c6\u00d9\u201e\u00d8\u00a9 \u00d8\u00a8\u00d8\u00a7\u00d9\u201e\u00d9\u0160\u00d8\u00af EAN 21<\/p>\n","protected":false},"excerpt":{"rendered":"<p>\u00d8\u00b3\u00d9\u2026\u00d8\u00a7\u00d8\u00b9\u00d8\u00a9 \u00d8\u00a7\u00d9\u201e\u00d8\u00a3\u00d8\u00b0\u00d9\u2020 \u00d8\u00a7\u00d9\u201e\u00d8\u00a3\u00d9\u2020\u00d8\u00a8\u00d9\u02c6\u00d8\u00a8\u00d9\u0160\u00d8\u00a9 \u00d8\u00a7\u00d9\u201e\u00d8\u00b5\u00d9\u02c6\u00d8\u00aa\u00d9\u0160\u00d8\u00a9 \u00d8\u00a7\u00d9\u201e\u00d8\u00a3\u00d9\u2020\u00d8\u00a8\u00d9\u02c6\u00d8\u00a8\u00d9\u0160\u00d8\u00a9 \u00d8\u00a7\u00d9\u201e\u00d9\u2026\u00d8\u00ad\u00d9\u2026\u00d9\u02c6\u00d9\u201e\u00d8\u00a9 \u00d8\u00a8\u00d8\u00a7\u00d9\u201e\u00d9\u0160\u00d8\u00af EAN 21<\/p>\n","protected":false},"featured_media":205146,"template":"","meta":[],"product_brand":[],"product_cat":[164],"product_tag":[],"class_list":{"0":"post-210246","1":"product","2":"type-product","3":"status-publish","4":"has-post-thumbnail","6":"product_cat-aksesuarlar-ar","8":"first","9":"instock","10":"shipping-taxable","11":"product-type-simple"},"_links":{"self":[{"href":"https:\/\/multicom.com.tr\/ar\/wp-json\/wp\/v2\/product\/210246","targetHints":{"allow":["GET"]}}],"collection":[{"href":"https:\/\/multicom.com.tr\/ar\/wp-json\/wp\/v2\/product"}],"about":[{"href":"https:\/\/multicom.com.tr\/ar\/wp-json\/wp\/v2\/types\/product"}],"version-history":[{"count":1,"href":"https:\/\/multicom.com.tr\/ar\/wp-json\/wp\/v2\/product\/210246\/revisions"}],"predecessor-version":[{"id":211696,"href":"https:\/\/multicom.com.tr\/ar\/wp-json\/wp\/v2\/product\/210246\/revisions\/211696"}],"wp:featuredmedia":[{"embeddable":true,"href":"https:\/\/multicom.com.tr\/ar\/wp-json\/wp\/v2\/media\/205146"}],"wp:attachment":[{"href":"https:\/\/multicom.com.tr\/ar\/wp-json\/wp\/v2\/media?parent=210246"}],"wp:term":[{"taxonomy":"product_brand","embeddable":true,"href":"https:\/\/multicom.com.tr\/ar\/wp-json\/wp\/v2\/product_brand?post=210246"},{"taxonomy":"product_cat","embeddable":true,"href":"https:\/\/multicom.com.tr\/ar\/wp-json\/wp\/v2\/product_cat?post=210246"},{"taxonomy":"product_tag","embeddable":true,"href":"https:\/\/multicom.com.tr\/ar\/wp-json\/wp\/v2\/product_tag?post=210246"}],"curies":[{"name":"wp","href":"https:\/\/api.w.org\/{rel}","templated":true}]}}