{"id":210238,"date":"2022-11-14T16:04:27","date_gmt":"2022-11-14T13:04:27","guid":{"rendered":"https:\/\/multicom.com.tr\/urun\/esw01-kablosuz-kulaklik\/"},"modified":"2024-10-21T10:15:51","modified_gmt":"2024-10-21T07:15:51","slug":"esw01-kablosuz-kulaklik","status":"publish","type":"product","link":"https:\/\/multicom.com.tr\/ar\/urun\/esw01-kablosuz-kulaklik\/","title":{"rendered":"\u00d8\u00b3\u00d9\u2026\u00d8\u00a7\u00d8\u00b9\u00d8\u00a9 \u00d8\u00a7\u00d9\u201e\u00d8\u00b1\u00d8\u00a3\u00d8\u00b3 \u00d8\u00a7\u00d9\u201e\u00d9\u201e\u00d8\u00a7\u00d8\u00b3\u00d9\u201e\u00d9\u0192\u00d9\u0160\u00d8\u00a9 ESW01"},"content":{"rendered":"<p>\u00d8\u00b3\u00d9\u2026\u00d8\u00a7\u00d8\u00b9\u00d8\u00a9 \u00d8\u00a7\u00d9\u201e\u00d8\u00b1\u00d8\u00a3\u00d8\u00b3 \u00d8\u00a7\u00d9\u201e\u00d9\u201e\u00d8\u00a7\u00d8\u00b3\u00d9\u201e\u00d9\u0192\u00d9\u0160\u00d8\u00a9 ESW01<\/p>\n","protected":false},"excerpt":{"rendered":"<p>\u00d8\u00b3\u00d9\u2026\u00d8\u00a7\u00d8\u00b9\u00d8\u00a9 \u00d8\u00a7\u00d9\u201e\u00d8\u00b1\u00d8\u00a3\u00d8\u00b3 \u00d8\u00a7\u00d9\u201e\u00d9\u201e\u00d8\u00a7\u00d8\u00b3\u00d9\u201e\u00d9\u0192\u00d9\u0160\u00d8\u00a9 ESW01<\/p>\n","protected":false},"featured_media":205152,"template":"","meta":[],"product_brand":[],"product_cat":[164],"product_tag":[],"class_list":{"0":"post-210238","1":"product","2":"type-product","3":"status-publish","4":"has-post-thumbnail","6":"product_cat-aksesuarlar-ar","8":"first","9":"instock","10":"shipping-taxable","11":"product-type-simple"},"_links":{"self":[{"href":"https:\/\/multicom.com.tr\/ar\/wp-json\/wp\/v2\/product\/210238","targetHints":{"allow":["GET"]}}],"collection":[{"href":"https:\/\/multicom.com.tr\/ar\/wp-json\/wp\/v2\/product"}],"about":[{"href":"https:\/\/multicom.com.tr\/ar\/wp-json\/wp\/v2\/types\/product"}],"version-history":[{"count":1,"href":"https:\/\/multicom.com.tr\/ar\/wp-json\/wp\/v2\/product\/210238\/revisions"}],"predecessor-version":[{"id":211700,"href":"https:\/\/multicom.com.tr\/ar\/wp-json\/wp\/v2\/product\/210238\/revisions\/211700"}],"wp:featuredmedia":[{"embeddable":true,"href":"https:\/\/multicom.com.tr\/ar\/wp-json\/wp\/v2\/media\/205152"}],"wp:attachment":[{"href":"https:\/\/multicom.com.tr\/ar\/wp-json\/wp\/v2\/media?parent=210238"}],"wp:term":[{"taxonomy":"product_brand","embeddable":true,"href":"https:\/\/multicom.com.tr\/ar\/wp-json\/wp\/v2\/product_brand?post=210238"},{"taxonomy":"product_cat","embeddable":true,"href":"https:\/\/multicom.com.tr\/ar\/wp-json\/wp\/v2\/product_cat?post=210238"},{"taxonomy":"product_tag","embeddable":true,"href":"https:\/\/multicom.com.tr\/ar\/wp-json\/wp\/v2\/product_tag?post=210238"}],"curies":[{"name":"wp","href":"https:\/\/api.w.org\/{rel}","templated":true}]}}