{"id":210198,"date":"2022-11-15T12:38:52","date_gmt":"2022-11-15T09:38:52","guid":{"rendered":"https:\/\/multicom.com.tr\/urun\/bl2021-batarya\/"},"modified":"2024-10-19T16:05:16","modified_gmt":"2024-10-19T13:05:16","slug":"bl2021-batarya","status":"publish","type":"product","link":"https:\/\/multicom.com.tr\/ar\/urun\/bl2021-batarya\/","title":{"rendered":"\u00d8\u00a8\u00d8\u00b7\u00d8\u00a7\u00d8\u00b1\u00d9\u0160\u00d8\u00a9 BL2021"},"content":{"rendered":"<p>\u00d8\u00a8\u00d8\u00b7\u00d8\u00a7\u00d8\u00b1\u00d9\u0160\u00d8\u00a9 BL2021<\/p>\n","protected":false},"excerpt":{"rendered":"<p>BL2021 Li-polimer pil 2000 mAh (7,4 V)<\/p>\n","protected":false},"featured_media":205168,"template":"","meta":[],"product_brand":[],"product_cat":[164],"product_tag":[],"class_list":{"0":"post-210198","1":"product","2":"type-product","3":"status-publish","4":"has-post-thumbnail","6":"product_cat-aksesuarlar-ar","8":"first","9":"instock","10":"shipping-taxable","11":"product-type-simple"},"_links":{"self":[{"href":"https:\/\/multicom.com.tr\/ar\/wp-json\/wp\/v2\/product\/210198","targetHints":{"allow":["GET"]}}],"collection":[{"href":"https:\/\/multicom.com.tr\/ar\/wp-json\/wp\/v2\/product"}],"about":[{"href":"https:\/\/multicom.com.tr\/ar\/wp-json\/wp\/v2\/types\/product"}],"version-history":[{"count":1,"href":"https:\/\/multicom.com.tr\/ar\/wp-json\/wp\/v2\/product\/210198\/revisions"}],"predecessor-version":[{"id":211584,"href":"https:\/\/multicom.com.tr\/ar\/wp-json\/wp\/v2\/product\/210198\/revisions\/211584"}],"wp:featuredmedia":[{"embeddable":true,"href":"https:\/\/multicom.com.tr\/ar\/wp-json\/wp\/v2\/media\/205168"}],"wp:attachment":[{"href":"https:\/\/multicom.com.tr\/ar\/wp-json\/wp\/v2\/media?parent=210198"}],"wp:term":[{"taxonomy":"product_brand","embeddable":true,"href":"https:\/\/multicom.com.tr\/ar\/wp-json\/wp\/v2\/product_brand?post=210198"},{"taxonomy":"product_cat","embeddable":true,"href":"https:\/\/multicom.com.tr\/ar\/wp-json\/wp\/v2\/product_cat?post=210198"},{"taxonomy":"product_tag","embeddable":true,"href":"https:\/\/multicom.com.tr\/ar\/wp-json\/wp\/v2\/product_tag?post=210198"}],"curies":[{"name":"wp","href":"https:\/\/api.w.org\/{rel}","templated":true}]}}