{"id":210180,"date":"2023-07-24T09:36:52","date_gmt":"2023-07-24T06:36:52","guid":{"rendered":"https:\/\/multicom.com.tr\/urun\/ehs24-c-tipi-kulaklik\/"},"modified":"2024-10-19T16:02:49","modified_gmt":"2024-10-19T13:02:49","slug":"ehs24-c-tipi-kulaklik","status":"publish","type":"product","link":"https:\/\/multicom.com.tr\/ar\/urun\/ehs24-c-tipi-kulaklik\/","title":{"rendered":"\u00d8\u00b3\u00d9\u2026\u00d8\u00a7\u00d8\u00b9\u00d8\u00a9 \u00d8\u00b1\u00d8\u00a3\u00d8\u00b3 EHS24 \u00d9\u2026\u00d9\u2020 \u00d8\u00a7\u00d9\u201e\u00d9\u2020\u00d9\u02c6\u00d8\u00b9 C"},"content":{"rendered":"<p>\u00d8\u00b3\u00d9\u2026\u00d8\u00a7\u00d8\u00b9\u00d8\u00a9 \u00d8\u00b1\u00d8\u00a3\u00d8\u00b3 \u00d9\u2026\u00d9\u201a\u00d8\u00a7\u00d8\u00b3 3.5 \u00d9\u2026\u00d9\u2026 \u00d8\u00b0\u00d8\u00a7\u00d8\u00aa 4 \u00d8\u00b3\u00d9\u2020\u00d9\u02c6\u00d9\u2020 \u00d8\u00a3\u00d8\u00ad\u00d8\u00a7\u00d8\u00af\u00d9\u0160\u00d8\u00a9 \u00d8\u00a7\u00d9\u201e\u00d9\u2026\u00d9\u201a\u00d8\u00b7\u00d8\u00b9.<\/p>\n","protected":false},"excerpt":{"rendered":"<p>\u00d8\u00b3\u00d9\u2026\u00d8\u00a7\u00d8\u00b9\u00d8\u00a9 \u00d8\u00b1\u00d8\u00a3\u00d8\u00b3 \u00d9\u2026\u00d9\u201a\u00d8\u00a7\u00d8\u00b3 3.5 \u00d9\u2026\u00d9\u2026 \u00d8\u00b0\u00d8\u00a7\u00d8\u00aa 4 \u00d8\u00b3\u00d9\u2020\u00d9\u02c6\u00d9\u2020 \u00d8\u00a3\u00d8\u00ad\u00d8\u00a7\u00d8\u00af\u00d9\u0160\u00d8\u00a9 \u00d8\u00a7\u00d9\u201e\u00d9\u2026\u00d9\u201a\u00d8\u00b7\u00d8\u00b9.<\/p>\n","protected":false},"featured_media":205394,"template":"","meta":[],"product_brand":[],"product_cat":[164],"product_tag":[],"class_list":{"0":"post-210180","1":"product","2":"type-product","3":"status-publish","4":"has-post-thumbnail","6":"product_cat-aksesuarlar-ar","8":"first","9":"instock","10":"shipping-taxable","11":"product-type-simple"},"_links":{"self":[{"href":"https:\/\/multicom.com.tr\/ar\/wp-json\/wp\/v2\/product\/210180","targetHints":{"allow":["GET"]}}],"collection":[{"href":"https:\/\/multicom.com.tr\/ar\/wp-json\/wp\/v2\/product"}],"about":[{"href":"https:\/\/multicom.com.tr\/ar\/wp-json\/wp\/v2\/types\/product"}],"version-history":[{"count":2,"href":"https:\/\/multicom.com.tr\/ar\/wp-json\/wp\/v2\/product\/210180\/revisions"}],"predecessor-version":[{"id":211572,"href":"https:\/\/multicom.com.tr\/ar\/wp-json\/wp\/v2\/product\/210180\/revisions\/211572"}],"wp:featuredmedia":[{"embeddable":true,"href":"https:\/\/multicom.com.tr\/ar\/wp-json\/wp\/v2\/media\/205394"}],"wp:attachment":[{"href":"https:\/\/multicom.com.tr\/ar\/wp-json\/wp\/v2\/media?parent=210180"}],"wp:term":[{"taxonomy":"product_brand","embeddable":true,"href":"https:\/\/multicom.com.tr\/ar\/wp-json\/wp\/v2\/product_brand?post=210180"},{"taxonomy":"product_cat","embeddable":true,"href":"https:\/\/multicom.com.tr\/ar\/wp-json\/wp\/v2\/product_cat?post=210180"},{"taxonomy":"product_tag","embeddable":true,"href":"https:\/\/multicom.com.tr\/ar\/wp-json\/wp\/v2\/product_tag?post=210180"}],"curies":[{"name":"wp","href":"https:\/\/api.w.org\/{rel}","templated":true}]}}