{"id":210117,"date":"2023-07-24T10:24:59","date_gmt":"2023-07-24T07:24:59","guid":{"rendered":"https:\/\/multicom.com.tr\/urun\/bl1508-batarya\/"},"modified":"2024-10-18T13:10:15","modified_gmt":"2024-10-18T10:10:15","slug":"bl1508-batarya","status":"publish","type":"product","link":"https:\/\/multicom.com.tr\/ar\/urun\/bl1508-batarya\/","title":{"rendered":"\u00d8\u00a8\u00d8\u00b7\u00d8\u00a7\u00d8\u00b1\u00d9\u0160\u00d8\u00a9 BL1508"},"content":{"rendered":"<p>\u00d8\u00a8\u00d8\u00b7\u00d8\u00a7\u00d8\u00b1\u00d9\u0160\u00d8\u00a9 \u00d9\u201e\u00d9\u0160\u00d8\u00ab\u00d9\u0160\u00d9\u02c6\u00d9\u2026 \u00d8\u00a3\u00d9\u0160\u00d9\u02c6\u00d9\u2020 (1500 \u00d9\u2026\u00d9\u201e\u00d9\u201e\u00d9\u0160 \u00d8\u00a3\u00d9\u2026\u00d8\u00a8\u00d9\u0160\u00d8\u00b1\/\u00d8\u00b3\u00d8\u00a7\u00d8\u00b9\u00d8\u00a9) &#8211; \u00d9\u201e\u00d8\u00ac\u00d9\u2021\u00d8\u00a7\u00d8\u00b2\u00d9\u0160 HP505 \u00d9\u02c6HP565<br \/>\n\u00d8\u00a8\u00d8\u00b7\u00d8\u00a7\u00d8\u00b1\u00d9\u0160\u00d8\u00a9 \u00d9\u201e\u00d9\u0160\u00d8\u00ab\u00d9\u0160\u00d9\u02c6\u00d9\u2026 \u00d8\u00a3\u00d9\u0160\u00d9\u02c6\u00d9\u2020 \u00d9\u2026\u00d8\u00aa\u00d9\u02c6\u00d8\u00a7\u00d9\u0081\u00d9\u201a\u00d8\u00a9 \u00d9\u2026\u00d8\u00b9 \u00d9\u2026\u00d8\u00b9\u00d9\u0160\u00d8\u00a7\u00d8\u00b1 IP67 \u00d9\u2026\u00d8\u00b9 \u00d9\u02c6\u00d9\u201a\u00d8\u00aa \u00d8\u00aa\u00d8\u00b4\u00d8\u00ba\u00d9\u0160\u00d9\u201e \u00d9\u0160\u00d8\u00a8\u00d9\u201e\u00d8\u00ba 13 \u00d8\u00b3\u00d8\u00a7\u00d8\u00b9\u00d8\u00a9 \u00d9\u0081\u00d9\u0160 \u00d8\u00a7\u00d9\u201e\u00d9\u02c6\u00d8\u00b6\u00d8\u00b9 \u00d8\u00a7\u00d9\u201e\u00d8\u00b1\u00d9\u201a\u00d9\u2026\u00d9\u0160.<\/p>\n","protected":false},"excerpt":{"rendered":"<p>\u00d8\u00a8\u00d8\u00b7\u00d8\u00a7\u00d8\u00b1\u00d9\u0160\u00d8\u00a9 \u00d9\u201e\u00d9\u0160\u00d8\u00ab\u00d9\u0160\u00d9\u02c6\u00d9\u2026 \u00d8\u00a3\u00d9\u0160\u00d9\u02c6\u00d9\u2020 (1500 \u00d9\u2026\u00d9\u201e\u00d9\u201e\u00d9\u0160 \u00d8\u00a3\u00d9\u2026\u00d8\u00a8\u00d9\u0160\u00d8\u00b1\/\u00d8\u00b3\u00d8\u00a7\u00d8\u00b9\u00d8\u00a9) &#8211; \u00d9\u201e\u00d8\u00ac\u00d9\u2021\u00d8\u00a7\u00d8\u00b2\u00d9\u0160 HP505 \u00d9\u02c6HP565 \u00d8\u00a8\u00d8\u00b7\u00d8\u00a7\u00d8\u00b1\u00d9\u0160\u00d8\u00a9 \u00d9\u201e\u00d9\u0160\u00d8\u00ab\u00d9\u0160\u00d9\u02c6\u00d9\u2026 \u00d8\u00a3\u00d9\u0160\u00d9\u02c6\u00d9\u2020 \u00d9\u2026\u00d8\u00aa\u00d9\u02c6\u00d8\u00a7\u00d9\u0081\u00d9\u201a\u00d8\u00a9 \u00d9\u2026\u00d8\u00b9 \u00d9\u2026\u00d8\u00b9\u00d9\u0160\u00d8\u00a7\u00d8\u00b1 IP67 \u00d9\u2026\u00d8\u00b9 \u00d9\u02c6\u00d9\u201a\u00d8\u00aa \u00d8\u00aa\u00d8\u00b4\u00d8\u00ba\u00d9\u0160\u00d9\u201e<\/p>\n","protected":false},"featured_media":205432,"template":"","meta":[],"product_brand":[],"product_cat":[164],"product_tag":[],"class_list":{"0":"post-210117","1":"product","2":"type-product","3":"status-publish","4":"has-post-thumbnail","6":"product_cat-aksesuarlar-ar","8":"first","9":"instock","10":"shipping-taxable","11":"product-type-simple"},"_links":{"self":[{"href":"https:\/\/multicom.com.tr\/ar\/wp-json\/wp\/v2\/product\/210117","targetHints":{"allow":["GET"]}}],"collection":[{"href":"https:\/\/multicom.com.tr\/ar\/wp-json\/wp\/v2\/product"}],"about":[{"href":"https:\/\/multicom.com.tr\/ar\/wp-json\/wp\/v2\/types\/product"}],"version-history":[{"count":2,"href":"https:\/\/multicom.com.tr\/ar\/wp-json\/wp\/v2\/product\/210117\/revisions"}],"predecessor-version":[{"id":211510,"href":"https:\/\/multicom.com.tr\/ar\/wp-json\/wp\/v2\/product\/210117\/revisions\/211510"}],"wp:featuredmedia":[{"embeddable":true,"href":"https:\/\/multicom.com.tr\/ar\/wp-json\/wp\/v2\/media\/205432"}],"wp:attachment":[{"href":"https:\/\/multicom.com.tr\/ar\/wp-json\/wp\/v2\/media?parent=210117"}],"wp:term":[{"taxonomy":"product_brand","embeddable":true,"href":"https:\/\/multicom.com.tr\/ar\/wp-json\/wp\/v2\/product_brand?post=210117"},{"taxonomy":"product_cat","embeddable":true,"href":"https:\/\/multicom.com.tr\/ar\/wp-json\/wp\/v2\/product_cat?post=210117"},{"taxonomy":"product_tag","embeddable":true,"href":"https:\/\/multicom.com.tr\/ar\/wp-json\/wp\/v2\/product_tag?post=210117"}],"curies":[{"name":"wp","href":"https:\/\/api.w.org\/{rel}","templated":true}]}}