{"id":206476,"date":"2021-10-19T13:25:04","date_gmt":"2021-10-19T10:25:04","guid":{"rendered":"https:\/\/multicom.com.tr\/urun\/hytera-vm685-yaka-kamerasi\/"},"modified":"2024-10-15T17:19:12","modified_gmt":"2024-10-15T14:19:12","slug":"hytera-vm685-yaka-kamerasi","status":"publish","type":"product","link":"https:\/\/multicom.com.tr\/ar\/urun\/hytera-vm685-yaka-kamerasi\/","title":{"rendered":"\u00d9\u0192\u00d8\u00a7\u00d9\u2026\u00d9\u0160\u00d8\u00b1\u00d8\u00a7 \u00d8\u00a7\u00d9\u201e\u00d9\u0160\u00d8\u00a7\u00d9\u201a\u00d8\u00a9 Hytera VM685"},"content":{"rendered":"<h4 style=\"text-align: left;\"><strong>\u00d8\u00a7\u00d9\u201e\u00d8\u00ae\u00d8\u00b5\u00d8\u00a7\u00d8\u00a6\u00d8\u00b5 \u00d8\u00a7\u00d9\u201e\u00d8\u00b9\u00d8\u00a7\u00d9\u2026\u00d8\u00a9<\/strong><\/h4>\n<table style=\"height: 45px;\" width=\"544\">\n<tbody>\n<tr>\n<td width=\"485\">\u00d8\u00a7\u00d9\u201e\u00d8\u00a3\u00d8\u00a8\u00d8\u00b9\u00d8\u00a7\u00d8\u00af (\u00d8\u00a7\u00d9\u201e\u00d8\u00a7\u00d8\u00b1\u00d8\u00aa\u00d9\u0081\u00d8\u00a7\u00d8\u00b9 \u00c3\u2014 \u00d8\u00a7\u00d9\u201e\u00d8\u00b9\u00d8\u00b1\u00d8\u00b6 \u00c3\u2014 \u00d8\u00a7\u00d9\u201e\u00d8\u00b9\u00d9\u2026\u00d9\u201a)<\/td>\n<td width=\"485\">106.5 \u00d9\u2026\u00d9\u2026 \u00c3\u2014 60 \u00d9\u2026\u00d9\u2026 \u00c3\u2014 24 \u00d9\u2026\u00d9\u2026<\/td>\n<\/tr>\n<tr>\n<td width=\"485\">\u00d8\u00a7\u00d9\u201e\u00d9\u02c6\u00d8\u00b2\u00d9\u2020<\/td>\n<td width=\"485\">170 \u00d8\u00ba\u00d8\u00b1\u00d8\u00a7\u00d9\u2026<\/td>\n<\/tr>\n<tr>\n<td width=\"485\">\u00d8\u00a7\u00d9\u201e\u00d9\u0192\u00d8\u00a7\u00d9\u2026\u00d9\u0160\u00d8\u00b1\u00d8\u00a7<\/td>\n<td width=\"485\">16 \u00d9\u2026\u00d9\u0160\u00d8\u00ba\u00d8\u00a7\u00d8\u00a8\u00d9\u0192\u00d8\u00b3\u00d9\u201e<\/td>\n<\/tr>\n<tr>\n<td width=\"485\">\u00d8\u00a7\u00d9\u201e\u00d8\u00b9\u00d8\u00af\u00d8\u00b3\u00d8\u00a9<\/td>\n<td width=\"485\">\u00d8\u00aa\u00d8\u00b1\u00d9\u0192\u00d9\u0160\u00d8\u00b2 \u00d8\u00ab\u00d8\u00a7\u00d8\u00a8\u00d8\u00aa\u00d8\u0152 \u00d8\u00b2\u00d8\u00ac\u00d8\u00a7\u00d8\u00ac \u00d9\u0192\u00d8\u00a7\u00d9\u2026\u00d9\u201e\u00d8\u0152 \u00d9\u201a\u00d8\u00a7\u00d8\u00a8\u00d9\u201e\u00d8\u00a9 \u00d9\u201e\u00d9\u201e\u00d8\u00af\u00d9\u02c6\u00d8\u00b1\u00d8\u00a7\u00d9\u2020 \u00d8\u00a8\u00d8\u00b2\u00d8\u00a7\u00d9\u02c6\u00d9\u0160\u00d8\u00a9 180\u00d8\u0152 \u00d8\u00b2\u00d9\u02c6\u00d8\u00a7\u00d9\u0160\u00d8\u00a7 \u00d8\u00b9\u00d8\u00b1\u00d8\u00b6 140 \u00d8\u00b9\u00d8\u00b1\u00d8\u00b6\u00d9\u0160\u00d8\u00a9\u00d8\u0152 106 \u00d8\u00a3\u00d9\u0081\u00d9\u201a\u00d9\u0160\u00d8\u00a9 \u00d9\u02c678 \u00d8\u00b1\u00d8\u00a3\u00d8\u00b3\u00d9\u0160\u00d8\u00a9<\/td>\n<\/tr>\n<tr>\n<td width=\"485\">\u00d9\u2020\u00d8\u00b7\u00d8\u00a7\u00d9\u201a \u00d8\u00a7\u00d9\u201e\u00d8\u00aa\u00d8\u00b1\u00d9\u0192\u00d9\u0160\u00d8\u00b2<\/td>\n<td width=\"485\">0.1 \u00d9\u2026 &#8211; \u00d8\u00a7\u00d9\u201e\u00d9\u201e\u00d8\u00a7\u00d9\u2020\u00d9\u2021\u00d8\u00a7\u00d9\u0160\u00d8\u00a9<\/td>\n<\/tr>\n<tr>\n<td width=\"485\">\u00d8\u00b9\u00d9\u2026\u00d8\u00b1 \u00d8\u00a7\u00d9\u201e\u00d8\u00a8\u00d8\u00b7\u00d8\u00a7\u00d8\u00b1\u00d9\u0160\u00d8\u00a9 (\u00d8\u00aa\u00d8\u00b3\u00d8\u00ac\u00d9\u0160\u00d9\u201e \u00d8\u00a7\u00d9\u201e\u00d9\u0081\u00d9\u0160\u00d8\u00af\u00d9\u0160\u00d9\u02c6)<\/td>\n<td width=\"485\">&gt; 8 \u00d8\u00b3\u00d8\u00a7\u00d8\u00b9\u00d8\u00a7\u00d8\u00aa<\/td>\n<\/tr>\n<tr>\n<td width=\"485\">\u00d8\u00b3\u00d8\u00b9\u00d8\u00a9 \u00d8\u00a7\u00d9\u201e\u00d8\u00a8\u00d8\u00b7\u00d8\u00a7\u00d8\u00b1\u00d9\u0160\u00d8\u00a9<\/td>\n<td width=\"485\">2500 \u00d9\u2026\u00d9\u201e\u00d9\u201e\u00d9\u0160 \u00d8\u00a3\u00d9\u2026\u00d8\u00a8\u00d9\u0160\u00d8\u00b1<\/td>\n<\/tr>\n<tr>\n<td width=\"485\">\u00d9\u2026\u00d8\u00af\u00d8\u00a9 \u00d8\u00a7\u00d9\u201e\u00d8\u00b4\u00d8\u00ad\u00d9\u2020<\/td>\n<td width=\"485\">&lt; 4 \u00d8\u00b3\u00d8\u00a7\u00d8\u00b9\u00d8\u00a7\u00d8\u00aa<\/td>\n<\/tr>\n<tr>\n<td width=\"485\">\u00d8\u00a3\u00d8\u00a8\u00d8\u00b9\u00d8\u00a7\u00d8\u00af \u00d8\u00a7\u00d9\u201e\u00d8\u00a8\u00d8\u00b7\u00d8\u00a7\u00d8\u00b1\u00d9\u0160\u00d8\u00a9<\/td>\n<td width=\"485\">2.4 \u00d8\u00a8\u00d9\u02c6\u00d8\u00b5\u00d8\u00a9<\/td>\n<\/tr>\n<tr>\n<td width=\"485\">\u00d8\u00af\u00d9\u201a\u00d8\u00a9 \u00d8\u00a7\u00d9\u201e\u00d8\u00b4\u00d8\u00a7\u00d8\u00b4\u00d8\u00a9<\/td>\n<td width=\"485\">240 (RGB) \u00c3\u2014 320 \u00d9\u2020\u00d9\u201a\u00d8\u00b7\u00d8\u00a9<\/td>\n<\/tr>\n<tr>\n<td width=\"485\">\u00d9\u2020\u00d9\u02c6\u00d8\u00b9 \u00d8\u00a7\u00d9\u201e\u00d9\u201e\u00d9\u02c6\u00d9\u2020<\/td>\n<td width=\"485\">\u00d8\u00b4\u00d8\u00a7\u00d8\u00b4\u00d8\u00a9 TFT-LCD \u00d9\u2026\u00d9\u201e\u00d9\u02c6\u00d9\u2020\u00d8\u00a9 \u00d8\u00a8\u00d9\u20ac 262k \u00d9\u201e\u00d9\u02c6\u00d9\u2020<\/td>\n<\/tr>\n<\/tbody>\n<\/table>\n<h4 style=\"text-align: left;\"><strong>\u00d8\u00b3\u00d8\u00b9\u00d8\u00a9 \u00d8\u00a7\u00d9\u201e\u00d8\u00b0\u00d8\u00a7\u00d9\u0192\u00d8\u00b1\u00d8\u00a9<\/strong><\/h4>\n<table style=\"height: 45px;\" width=\"544\">\n<tbody>\n<tr>\n<td width=\"485\">\u00d8\u00a7\u00d9\u201e\u00d8\u00b0\u00d8\u00a7\u00d9\u0192\u00d8\u00b1\u00d8\u00a9<\/td>\n<td width=\"485\">16 \u00d8\u00ba\u00d9\u0160\u00d8\u00ba\u00d8\u00a7\u00d8\u00a8\u00d8\u00a7\u00d9\u0160\u00d8\u00aa (\u00d9\u201a\u00d9\u0160\u00d8\u00a7\u00d8\u00b3\u00d9\u0160) 32 \u00d8\u00ba\u00d9\u0160\u00d8\u00ba\u00d8\u00a7\u00d8\u00a8\u00d8\u00a7\u00d9\u0160\u00d8\u00aa \/ 64 \u00d8\u00ba\u00d9\u0160\u00d8\u00ba\u00d8\u00a7\u00d8\u00a8\u00d8\u00a7\u00d9\u0160\u00d8\u00aa \/ 128 \u00d8\u00ba\u00d9\u0160\u00d8\u00ba\u00d8\u00a7\u00d8\u00a8\u00d8\u00a7\u00d9\u0160\u00d8\u00aa (\u00d8\u00a7\u00d8\u00ae\u00d8\u00aa\u00d9\u0160\u00d8\u00a7\u00d8\u00b1\u00d9\u0160)<\/td>\n<\/tr>\n<\/tbody>\n<\/table>\n<h4 style=\"text-align: left;\"><strong>\u00d8\u00ac\u00d9\u02c6\u00d8\u00af\u00d8\u00a9 \u00d8\u00a7\u00d9\u201e\u00d8\u00b5\u00d9\u02c6\u00d8\u00b1\u00d8\u00a9 \/ \u00d8\u00a7\u00d9\u201e\u00d9\u0081\u00d9\u0160\u00d8\u00af\u00d9\u0160\u00d9\u02c6 \/ \u00d8\u00a7\u00d9\u201e\u00d8\u00b5\u00d9\u02c6\u00d8\u00aa<\/strong><\/h4>\n<table style=\"height: 45px;\" width=\"544\">\n<tbody>\n<tr>\n<td width=\"485\">\u00d8\u00aa\u00d9\u2020\u00d8\u00b3\u00d9\u0160\u00d9\u201a \u00d8\u00a7\u00d9\u201e\u00d9\u0081\u00d9\u0160\u00d8\u00af\u00d9\u0160\u00d9\u02c6<\/td>\n<td width=\"485\">MP4<\/td>\n<\/tr>\n<tr>\n<td width=\"485\">\u00d8\u00af\u00d9\u201a\u00d8\u00a9 \u00d8\u00a7\u00d9\u201e\u00d9\u0081\u00d9\u0160\u00d8\u00af\u00d9\u0160\u00d9\u02c6<\/td>\n<td width=\"485\">VGA\u00d8\u0152 720p\u00d8\u0152 1080p<\/td>\n<\/tr>\n<tr>\n<td width=\"485\">\u00d9\u2026\u00d8\u00b9\u00d8\u00af\u00d9\u201e \u00d8\u00a7\u00d9\u201e\u00d8\u00a5\u00d8\u00b7\u00d8\u00a7\u00d8\u00b1\u00d8\u00a7\u00d8\u00aa \u00d9\u0081\u00d9\u0160 \u00d8\u00a7\u00d9\u201e\u00d8\u00ab\u00d8\u00a7\u00d9\u2020\u00d9\u0160\u00d8\u00a9 \u00d9\u201e\u00d9\u201e\u00d9\u0081\u00d9\u0160\u00d8\u00af\u00d9\u0160\u00d9\u02c6<\/td>\n<td width=\"485\">30\/60 \u00d8\u00a5\u00d8\u00b7\u00d8\u00a7\u00d8\u00b1 \u00d9\u0081\u00d9\u0160 \u00d8\u00a7\u00d9\u201e\u00d8\u00ab\u00d8\u00a7\u00d9\u2020\u00d9\u0160\u00d8\u00a9<\/td>\n<\/tr>\n<tr>\n<td width=\"485\">\u00d8\u00aa\u00d9\u2020\u00d8\u00b3\u00d9\u0160\u00d9\u201a \u00d8\u00a7\u00d9\u201e\u00d8\u00b5\u00d9\u02c6\u00d8\u00aa<\/td>\n<td width=\"485\">AAC<\/td>\n<\/tr>\n<tr>\n<td width=\"485\">\u00d8\u00aa\u00d9\u2020\u00d8\u00b3\u00d9\u0160\u00d9\u201a \u00d8\u00a7\u00d9\u201e\u00d8\u00b5\u00d9\u02c6\u00d8\u00b1\u00d8\u00a9<\/td>\n<td width=\"485\">JPG<\/td>\n<\/tr>\n<tr>\n<td width=\"485\">\u00d8\u00af\u00d9\u201a\u00d8\u00a9 \u00d8\u00a7\u00d9\u201e\u00d8\u00b5\u00d9\u02c6\u00d8\u00b1\u00d8\u00a9<\/td>\n<td width=\"485\">4608\u00c3\u20141296 (16 \u00d9\u2026\u00d9\u0160\u00d8\u00ba\u00d8\u00a7\u00d8\u00a8\u00d9\u0192\u00d8\u00b3\u00d9\u201e)\u00d8\u0152 3072\u00c3\u20141728 (5 \u00d9\u2026\u00d9\u0160\u00d8\u00ba\u00d8\u00a7\u00d8\u00a8\u00d9\u0192\u00d8\u00b3\u00d9\u201e)\u00d8\u0152 2304\u00c3\u20141296 (3 \u00d9\u2026\u00d9\u0160\u00d8\u00ba\u00d8\u00a7\u00d8\u00a8\u00d9\u0192\u00d8\u00b3\u00d9\u201e)<\/td>\n<\/tr>\n<tr>\n<td width=\"485\">\u00d8\u00aa\u00d8\u00b3\u00d8\u00ac\u00d9\u0160\u00d9\u201e \u00d9\u2026\u00d8\u00b3\u00d8\u00a8\u00d9\u201a \/ \u00d8\u00aa\u00d8\u00b3\u00d8\u00ac\u00d9\u0160\u00d9\u201e \u00d9\u201e\u00d8\u00a7\u00d8\u00ad\u00d9\u201a<\/td>\n<td width=\"485\">20 \u00d8\u00ab\u00d8\u00a7\u00d9\u2020\u00d9\u0160\u00d8\u00a9 \/ 30 \u00d8\u00ab\u00d8\u00a7\u00d9\u2020\u00d9\u0160\u00d8\u00a9<\/td>\n<\/tr>\n<tr>\n<td width=\"485\">\u00d9\u201a\u00d8\u00af\u00d8\u00b1\u00d8\u00a9 \u00d9\u2026\u00d9\u0192\u00d8\u00a8\u00d8\u00b1 \u00d8\u00a7\u00d9\u201e\u00d8\u00b5\u00d9\u02c6\u00d8\u00aa<\/td>\n<td width=\"485\">2 \u00d9\u02c6\u00d8\u00a7\u00d8\u00b7<\/td>\n<\/tr>\n<tr>\n<td width=\"485\">\u00d8\u00a7\u00d9\u201e\u00d9\u2026\u00d9\u0160\u00d9\u0192\u00d8\u00b1\u00d9\u02c6\u00d9\u0081\u00d9\u02c6\u00d9\u2020<\/td>\n<td width=\"485\">\u00d9\u2026\u00d9\u0160\u00d9\u0192\u00d8\u00b1\u00d9\u02c6\u00d9\u0081\u00d9\u02c6\u00d9\u2020 \u00d8\u00b3\u00d9\u0160\u00d9\u201e\u00d9\u0160\u00d9\u0192\u00d9\u02c6\u00d9\u2020 x1\u00d8\u0152 -38 \u00d8\u00af\u00d9\u0160\u00d8\u00b3\u00d9\u0160\u00d8\u00a8\u00d9\u201e\u00d8\u203a \u00d9\u2026\u00d9\u0160\u00d9\u0192\u00d8\u00b1\u00d9\u02c6\u00d9\u0081\u00d9\u02c6\u00d9\u2020 \u00d8\u00a5\u00d9\u201e\u00d9\u0192\u00d8\u00aa\u00d8\u00b1\u00d9\u02c6\u00d9\u201e\u00d9\u0160\u00d8\u00aa\u00d9\u0160\u00d9\u0192 x1\u00d8\u0152 -42 \u00d8\u00af\u00d9\u0160\u00d8\u00b3\u00d9\u0160\u00d8\u00a8\u00d9\u201e<\/td>\n<\/tr>\n<\/tbody>\n<\/table>\n<h4 style=\"text-align: left;\"><strong>\u00d8\u00a7\u00d9\u201e\u00d8\u00a7\u00d8\u00aa\u00d8\u00b5\u00d8\u00a7\u00d9\u201e \/ \u00d8\u00a7\u00d9\u201e\u00d8\u00ad\u00d9\u2026\u00d8\u00a7\u00d9\u0160\u00d8\u00a9 \/ \u00d8\u00a7\u00d9\u201e\u00d8\u00aa\u00d9\u02c6\u00d8\u00a7\u00d9\u0081\u00d9\u201a<\/strong><\/h4>\n<table style=\"height: 45px;\" width=\"544\">\n<tbody>\n<tr>\n<td width=\"485\">Wi-Fi<\/td>\n<td width=\"485\">802.11 b\/g\/n (\u00d9\u0160\u00d8\u00af\u00d8\u00b9\u00d9\u2026 \u00d9\u02c6\u00d8\u00b6\u00d8\u00b9 \u00d9\u2020\u00d9\u201a\u00d8\u00b7\u00d8\u00a9 \u00d8\u00a7\u00d9\u201e\u00d9\u02c6\u00d8\u00b5\u00d9\u02c6\u00d9\u201e \u00d9\u02c6\u00d8\u00a7\u00d9\u201e\u00d9\u2026\u00d8\u00ad\u00d8\u00b7\u00d8\u00a9)<\/td>\n<\/tr>\n<tr>\n<td width=\"485\">Bluetooth<\/td>\n<td width=\"485\">4.0 (\u00d9\u0160\u00d8\u00af\u00d8\u00b9\u00d9\u2026 \u00d8\u00a7\u00d9\u201e\u00d8\u00b5\u00d9\u02c6\u00d8\u00aa \u00d9\u02c6BLE)<\/td>\n<\/tr>\n<tr>\n<td width=\"485\">\u00d8\u00a7\u00d9\u201e\u00d9\u2026\u00d9\u2020\u00d8\u00a7\u00d9\u0081\u00d8\u00b0<\/td>\n<td width=\"485\">\u00d9\u2026\u00d9\u2020\u00d9\u0081\u00d8\u00b0 Micro USB\u00d8\u0152 \u00d9\u2026\u00d9\u2020\u00d9\u0081\u00d8\u00b0 \u00d8\u00aa\u00d9\u02c6\u00d8\u00b5\u00d9\u0160\u00d9\u201e 10 \u00d8\u00af\u00d8\u00a8\u00d9\u02c6\u00d8\u00b3<\/td>\n<\/tr>\n<tr>\n<td width=\"485\">\u00d9\u2026\u00d8\u00b5\u00d8\u00a8\u00d8\u00a7\u00d8\u00ad \u00d8\u00a7\u00d9\u201e\u00d8\u00a3\u00d8\u00b4\u00d8\u00b9\u00d8\u00a9 \u00d8\u00aa\u00d8\u00ad\u00d8\u00aa \u00d8\u00a7\u00d9\u201e\u00d8\u00ad\u00d9\u2026\u00d8\u00b1\u00d8\u00a7\u00d8\u00a1<\/td>\n<td width=\"485\">OSRAM x6<\/td>\n<\/tr>\n<tr>\n<td width=\"485\">\u00d9\u2026\u00d8\u00b3\u00d8\u00a7\u00d9\u0081\u00d8\u00a9 \u00d8\u00a7\u00d9\u201e\u00d8\u00b1\u00d8\u00a4\u00d9\u0160\u00d8\u00a9 \u00d8\u00a7\u00d9\u201e\u00d9\u201e\u00d9\u0160\u00d9\u201e\u00d9\u0160\u00d8\u00a9 (\u00d8\u00a8\u00d8\u00af\u00d9\u02c6\u00d9\u2020 \u00d8\u00b6\u00d9\u02c6\u00d8\u00a1)<\/td>\n<td width=\"485\">3 \u00d9\u2026<\/td>\n<\/tr>\n<tr>\n<td width=\"485\">LED \u00d8\u00a3\u00d8\u00a8\u00d9\u0160\u00d8\u00b6<\/td>\n<td width=\"485\">1 \u00d9\u02c6\u00d8\u00a7\u00d8\u00b7 x1<\/td>\n<\/tr>\n<tr>\n<td width=\"485\">\u00d8\u00ad\u00d9\u2026\u00d8\u00a7\u00d9\u0160\u00d8\u00a9 \u00d8\u00a7\u00d9\u201e\u00d8\u00a5\u00d8\u00af\u00d8\u00ae\u00d8\u00a7\u00d9\u201e<\/td>\n<td width=\"485\">MIL-STD-810G\u00d8\u0152 IP67<\/td>\n<\/tr>\n<tr>\n<td width=\"485\">\u00d8\u00ad\u00d9\u2026\u00d8\u00a7\u00d9\u0160\u00d8\u00a9 \u00d8\u00a7\u00d9\u201e\u00d8\u00b3\u00d9\u201a\u00d9\u02c6\u00d8\u00b7<\/td>\n<td width=\"485\">1.5 \u00d9\u2026<\/td>\n<\/tr>\n<tr>\n<td width=\"485\">\u00d8\u00aa\u00d9\u02c6\u00d8\u00a7\u00d9\u0081\u00d9\u201a \u00d8\u00a7\u00d9\u201e\u00d9\u2020\u00d8\u00b8\u00d8\u00a7\u00d9\u2026<\/td>\n<td width=\"485\">Windows XP\/ Windows 7\/ Windows 8\/ Windows 10<\/td>\n<\/tr>\n<\/tbody>\n<\/table>\n<h4 style=\"text-align: left;\"><strong>\u00d8\u00a7\u00d9\u201e\u00d8\u00a5\u00d9\u0192\u00d8\u00b3\u00d8\u00b3\u00d9\u02c6\u00d8\u00a7\u00d8\u00b1\u00d8\u00a7\u00d8\u00aa<\/strong><\/h4>\n<table style=\"height: 45px;\" width=\"544\">\n<tbody>\n<tr>\n<td width=\"485\">\u00d8\u00a7\u00d9\u201e\u00d8\u00a5\u00d9\u0192\u00d8\u00b3\u00d8\u00b3\u00d9\u02c6\u00d8\u00a7\u00d8\u00b1\u00d8\u00a7\u00d8\u00aa \u00d8\u00a7\u00d9\u201e\u00d9\u201a\u00d9\u0160\u00d8\u00a7\u00d8\u00b3\u00d9\u0160\u00d8\u00a9<\/td>\n<td width=\"485\">\u00d9\u0192\u00d8\u00a7\u00d8\u00a8\u00d9\u201e USB\u00d8\u0152 \u00d8\u00b4\u00d8\u00a7\u00d8\u00ad\u00d9\u2020\u00d8\u0152 \u00d9\u2026\u00d8\u00b4\u00d8\u00a8\u00d9\u0192 (\u00d8\u00af\u00d9\u02c6\u00d8\u00a7\u00d8\u00b1\u00d8\u0152 \u00d9\u201a\u00d8\u00a7\u00d8\u00a8\u00d9\u201e \u00d9\u201e\u00d9\u201e\u00d8\u00aa\u00d8\u00b9\u00d8\u00af\u00d9\u0160\u00d9\u201e \u00d9\u0081\u00d9\u0160 \u00d8\u00a7\u00d9\u201e\u00d8\u00b7\u00d9\u02c6\u00d9\u201e)<\/td>\n<\/tr>\n<tr>\n<td width=\"485\">\u00d8\u00a7\u00d9\u201e\u00d8\u00a5\u00d9\u0192\u00d8\u00b3\u00d8\u00b3\u00d9\u02c6\u00d8\u00a7\u00d8\u00b1\u00d8\u00a7\u00d8\u00aa \u00d8\u00a7\u00d9\u201e\u00d8\u00a7\u00d8\u00ae\u00d8\u00aa\u00d9\u0160\u00d8\u00a7\u00d8\u00b1\u00d9\u0160\u00d8\u00a9<\/td>\n<td width=\"485\">\u00d8\u00ad\u00d8\u00b2\u00d8\u00a7\u00d9\u2026 \u00d8\u00a7\u00d9\u201e\u00d9\u0192\u00d8\u00aa\u00d9\u0081\u00d8\u0152 \u00d9\u0192\u00d8\u00a7\u00d8\u00a8\u00d9\u201e \u00d8\u00aa\u00d9\u02c6\u00d8\u00b5\u00d9\u0160\u00d9\u201e \u00d9\u201e\u00d8\u00a7\u00d8\u00b3\u00d9\u201e\u00d9\u0192\u00d9\u0160\u00d8\u0152 \u00d8\u00b4\u00d8\u00a7\u00d8\u00ad\u00d9\u2020 \u00d9\u2026\u00d8\u00aa\u00d8\u00b9\u00d8\u00af\u00d8\u00af\u00d8\u0152 \u00d8\u00ac\u00d9\u2021\u00d8\u00a7\u00d8\u00b2 \u00d8\u00aa\u00d8\u00ad\u00d9\u0192\u00d9\u2026 \u00d8\u00b9\u00d9\u2020 \u00d8\u00a8\u00d8\u00b9\u00d8\u00af \u00d9\u201e\u00d8\u00a7\u00d8\u00b3\u00d9\u201e\u00d9\u0192\u00d9\u0160<\/td>\n<\/tr>\n<\/tbody>\n<\/table>\n","protected":false},"excerpt":{"rendered":"<p>\u00d8\u00a7\u00d9\u201e\u00d8\u00ae\u00d8\u00b5\u00d8\u00a7\u00d8\u00a6\u00d8\u00b5 \u00d8\u00a7\u00d9\u201e\u00d8\u00b9\u00d8\u00a7\u00d9\u2026\u00d8\u00a9 \u00d8\u00a7\u00d9\u201e\u00d8\u00a3\u00d8\u00a8\u00d8\u00b9\u00d8\u00a7\u00d8\u00af (\u00d8\u00a7\u00d9\u201e\u00d8\u00a7\u00d8\u00b1\u00d8\u00aa\u00d9\u0081\u00d8\u00a7\u00d8\u00b9 \u00c3\u2014 \u00d8\u00a7\u00d9\u201e\u00d8\u00b9\u00d8\u00b1\u00d8\u00b6 \u00c3\u2014 \u00d8\u00a7\u00d9\u201e\u00d8\u00b9\u00d9\u2026\u00d9\u201a) 106.5 \u00d9\u2026\u00d9\u2026 \u00c3\u2014 60 \u00d9\u2026\u00d9\u2026 \u00c3\u2014 24 \u00d9\u2026\u00d9\u2026 \u00d8\u00a7\u00d9\u201e\u00d9\u02c6\u00d8\u00b2\u00d9\u2020 170 \u00d8\u00ba\u00d8\u00b1\u00d8\u00a7\u00d9\u2026 \u00d8\u00a7\u00d9\u201e\u00d9\u0192\u00d8\u00a7\u00d9\u2026\u00d9\u0160\u00d8\u00b1\u00d8\u00a7<\/p>\n","protected":false},"featured_media":204172,"template":"","meta":[],"product_brand":[],"product_cat":[254,137,251,146],"product_tag":[],"class_list":{"0":"post-206476","1":"product","2":"type-product","3":"status-publish","4":"has-post-thumbnail","6":"product_cat-hytera-ar","7":"product_cat-telsiz-haberlesmesi-ar","8":"product_cat-251","9":"product_cat-yaka-kameralari-ar","11":"first","12":"instock","13":"shipping-taxable","14":"product-type-simple"},"_links":{"self":[{"href":"https:\/\/multicom.com.tr\/ar\/wp-json\/wp\/v2\/product\/206476","targetHints":{"allow":["GET"]}}],"collection":[{"href":"https:\/\/multicom.com.tr\/ar\/wp-json\/wp\/v2\/product"}],"about":[{"href":"https:\/\/multicom.com.tr\/ar\/wp-json\/wp\/v2\/types\/product"}],"version-history":[{"count":3,"href":"https:\/\/multicom.com.tr\/ar\/wp-json\/wp\/v2\/product\/206476\/revisions"}],"predecessor-version":[{"id":209588,"href":"https:\/\/multicom.com.tr\/ar\/wp-json\/wp\/v2\/product\/206476\/revisions\/209588"}],"wp:featuredmedia":[{"embeddable":true,"href":"https:\/\/multicom.com.tr\/ar\/wp-json\/wp\/v2\/media\/204172"}],"wp:attachment":[{"href":"https:\/\/multicom.com.tr\/ar\/wp-json\/wp\/v2\/media?parent=206476"}],"wp:term":[{"taxonomy":"product_brand","embeddable":true,"href":"https:\/\/multicom.com.tr\/ar\/wp-json\/wp\/v2\/product_brand?post=206476"},{"taxonomy":"product_cat","embeddable":true,"href":"https:\/\/multicom.com.tr\/ar\/wp-json\/wp\/v2\/product_cat?post=206476"},{"taxonomy":"product_tag","embeddable":true,"href":"https:\/\/multicom.com.tr\/ar\/wp-json\/wp\/v2\/product_tag?post=206476"}],"curies":[{"name":"wp","href":"https:\/\/api.w.org\/{rel}","templated":true}]}}