{"id":206304,"date":"2021-10-19T13:22:21","date_gmt":"2021-10-19T10:22:21","guid":{"rendered":"https:\/\/multicom.com.tr\/urun\/hytera-pnc380-bas-konus-el-telsizi-2\/"},"modified":"2024-10-24T11:45:46","modified_gmt":"2024-10-24T08:45:46","slug":"hytera-pnc380-bas-konus-el-telsizi-2","status":"publish","type":"product","link":"https:\/\/multicom.com.tr\/ar\/urun\/hytera-pnc380-bas-konus-el-telsizi-2\/","title":{"rendered":"Hytera PNC380 \u00d8\u00ac\u00d9\u2021\u00d8\u00a7\u00d8\u00b2 \u00d9\u201e\u00d8\u00a7\u00d8\u00b3\u00d9\u201e\u00d9\u0192\u00d9\u0160 \u00d9\u0160\u00d8\u00af\u00d9\u02c6\u00d9\u0160 \u00d9\u201e\u00d9\u201e\u00d8\u00aa\u00d8\u00ad\u00d8\u00af\u00d8\u00ab \u00d8\u00a8\u00d8\u00a7\u00d9\u201e\u00d8\u00b6\u00d8\u00ba\u00d8\u00b7 POC"},"content":{"rendered":"<h4 style=\"text-align: left;\"><strong>\u00d8\u00a7\u00d9\u201e\u00d8\u00ae\u00d8\u00b5\u00d8\u00a7\u00d8\u00a6\u00d8\u00b5 \u00d8\u00a7\u00d9\u201e\u00d8\u00b9\u00d8\u00a7\u00d9\u2026\u00d8\u00a9<\/strong><\/h4>\n<table style=\"height: 45px;\" width=\"544\">\n<tbody>\n<tr>\n<td width=\"485\">\u00d8\u00a7\u00d8\u00b3\u00d9\u2026 \u00d8\u00a7\u00d9\u201e\u00d8\u00b7\u00d8\u00b1\u00d8\u00a7\u00d8\u00b2<\/td>\n<td width=\"485\">PNC380 \u00d8\u00a3\u00d8\u00b3\u00d8\u00a7\u00d8\u00b3\u00d9\u0160 \/ PNC380 \u00d9\u2026\u00d8\u00aa\u00d9\u201a\u00d8\u00af\u00d9\u2026<\/td>\n<\/tr>\n<tr>\n<td width=\"485\">FDD-LTE<\/td>\n<td width=\"485\">B1\/B3\/B5\/B7\/B8\/B18\/B19\/B20\/B26\/B27\/B28<\/td>\n<\/tr>\n<tr>\n<td width=\"485\">TDD-LTE<\/td>\n<td width=\"485\">B38\/B39\/B40\/B41<\/td>\n<\/tr>\n<tr>\n<td width=\"485\">TD-SCDMA<\/td>\n<td width=\"485\">B34\/B39<\/td>\n<\/tr>\n<tr>\n<td width=\"485\">WCDMA<\/td>\n<td width=\"485\">B1\/B3\/B5\/B8<\/td>\n<\/tr>\n<tr>\n<td width=\"485\">CDMA<\/td>\n<td width=\"485\">BC0<\/td>\n<\/tr>\n<tr>\n<td width=\"485\">GSM<\/td>\n<td width=\"485\">850\/900\/1800\/1900<\/td>\n<\/tr>\n<tr>\n<td width=\"485\">\u00d8\u00ad\u00d8\u00ac\u00d9\u2026 \u00d8\u00a7\u00d9\u201e\u00d8\u00b4\u00d8\u00a7\u00d8\u00b4\u00d8\u00a9<\/td>\n<td width=\"485\">2 \u00d8\u00a8\u00d9\u02c6\u00d8\u00b5\u00d8\u00a9<\/td>\n<\/tr>\n<tr>\n<td width=\"485\">\u00d8\u00af\u00d9\u201a\u00d8\u00a9 \u00d8\u00a7\u00d9\u201e\u00d8\u00b4\u00d8\u00a7\u00d8\u00b4\u00d8\u00a9<\/td>\n<td width=\"485\">320&#215;240<\/td>\n<\/tr>\n<tr>\n<td width=\"485\">\u00d9\u201e\u00d9\u02c6\u00d8\u00ad\u00d8\u00a9 \u00d8\u00a7\u00d9\u201e\u00d9\u2026\u00d9\u0081\u00d8\u00a7\u00d8\u00aa\u00d9\u0160\u00d8\u00ad<\/td>\n<td width=\"485\">\u00d9\u201e\u00d9\u02c6\u00d8\u00ad\u00d8\u00a9 \u00d9\u2026\u00d9\u0081\u00d8\u00a7\u00d8\u00aa\u00d9\u0160\u00d8\u00ad \u00d9\u0192\u00d8\u00a7\u00d9\u2026\u00d9\u201e\u00d8\u00a9<\/td>\n<\/tr>\n<tr>\n<td width=\"485\">\u00d8\u00a7\u00d9\u201e\u00d8\u00a3\u00d8\u00a8\u00d8\u00b9\u00d8\u00a7\u00d8\u00af (\u00d8\u00b7 x \u00d8\u00b9 x \u00d8\u00b3)<\/td>\n<td width=\"485\">145.1 \u00d9\u2026\u00d9\u2026 \u00c3\u2014 60 \u00d9\u2026\u00d9\u2026 \u00c3\u2014 26.1 \u00d9\u2026\u00d9\u2026<\/td>\n<\/tr>\n<tr>\n<td width=\"485\">\u00d8\u00a7\u00d9\u201e\u00d9\u02c6\u00d8\u00b2\u00d9\u2020<\/td>\n<td width=\"485\">208 \u00d8\u00ac\u00d8\u00b1\u00d8\u00a7\u00d9\u2026 (\u00d9\u2026\u00d8\u00b9 \u00d8\u00a7\u00d9\u201e\u00d8\u00a8\u00d8\u00b7\u00d8\u00a7\u00d8\u00b1\u00d9\u0160\u00d8\u00a9 \u00d9\u02c6\u00d8\u00a7\u00d9\u201e\u00d9\u2021\u00d9\u02c6\u00d8\u00a7\u00d8\u00a6\u00d9\u0160)<\/td>\n<\/tr>\n<tr>\n<td width=\"485\">\u00d8\u00ad\u00d9\u2026\u00d8\u00a7\u00d9\u0160\u00d8\u00a9 \u00d8\u00a7\u00d9\u201e\u00d8\u00a5\u00d8\u00af\u00d8\u00ae\u00d8\u00a7\u00d9\u201e<\/td>\n<td width=\"485\">IP67<\/td>\n<\/tr>\n<tr>\n<td width=\"485\">\u00d9\u2026\u00d9\u201a\u00d8\u00a7\u00d9\u02c6\u00d9\u2026\u00d8\u00a9 \u00d8\u00a7\u00d9\u201e\u00d8\u00b3\u00d9\u201a\u00d9\u02c6\u00d8\u00b7<\/td>\n<td width=\"485\">1.2 \u00d9\u2026<\/td>\n<\/tr>\n<tr>\n<td width=\"485\">\u00d8\u00b0\u00d8\u00a7\u00d9\u0192\u00d8\u00b1\u00d8\u00a9 \u00d8\u00a7\u00d9\u201e\u00d8\u00a8\u00d9\u0160\u00d8\u00a7\u00d9\u2020\u00d8\u00a7\u00d8\u00aa<\/td>\n<td width=\"485\">512 \u00d9\u2026\u00d9\u0160\u00d8\u00ac\u00d8\u00a7\u00d8\u00a8\u00d8\u00a7\u00d9\u0160\u00d8\u00aa \/ 1 \u00d8\u00ac\u00d9\u0160\u00d8\u00ac\u00d8\u00a7\u00d8\u00a8\u00d8\u00a7\u00d9\u0160\u00d8\u00aa<\/td>\n<\/tr>\n<tr>\n<td width=\"485\">ROM<\/td>\n<td width=\"485\">4 \u00d8\u00ac\u00d9\u0160\u00d8\u00ac\u00d8\u00a7\u00d8\u00a8\u00d8\u00a7\u00d9\u0160\u00d8\u00aa \/ 8 \u00d8\u00ac\u00d9\u0160\u00d8\u00ac\u00d8\u00a7\u00d8\u00a8\u00d8\u00a7\u00d9\u0160\u00d8\u00aa<\/td>\n<\/tr>\n<tr>\n<td width=\"485\">\u00d8\u00b0\u00d8\u00a7\u00d9\u0192\u00d8\u00b1\u00d8\u00a9 \u00d9\u2026\u00d9\u02c6\u00d8\u00b3\u00d8\u00b9\u00d8\u00a9<\/td>\n<td width=\"485\">\u00d8\u00a8\u00d8\u00b7\u00d8\u00a7\u00d9\u201a\u00d8\u00a9 \u00d9\u2026\u00d9\u0160\u00d9\u0192\u00d8\u00b1\u00d9\u02c6 SD\/TF: \u00d8\u00a7\u00d9\u201e\u00d8\u00ad\u00d8\u00af \u00d8\u00a7\u00d9\u201e\u00d8\u00a3\u00d9\u201a\u00d8\u00b5\u00d9\u2030 32 \u00d8\u00ac\u00d9\u0160\u00d8\u00ac\u00d8\u00a7\u00d8\u00a8\u00d8\u00a7\u00d9\u0160\u00d8\u00aa<\/td>\n<\/tr>\n<tr>\n<td width=\"485\">\u00d8\u00a7\u00d9\u201e\u00d8\u00a8\u00d8\u00b7\u00d8\u00a7\u00d8\u00b1\u00d9\u0160\u00d8\u00a9<\/td>\n<td width=\"485\">4000 \u00d9\u2026\u00d9\u201e\u00d9\u201e\u00d9\u0160 \u00d8\u00a3\u00d9\u2026\u00d8\u00a8\u00d9\u0160\u00d8\u00b1\u00d8\u0152 \u00d8\u00b9\u00d9\u2026\u00d8\u00b1 \u00d8\u00a7\u00d9\u201e\u00d8\u00a8\u00d8\u00b7\u00d8\u00a7\u00d8\u00b1\u00d9\u0160\u00d8\u00a9 \u00e2\u2030\u00a5 24 \u00d8\u00b3\u00d8\u00a7\u00d8\u00b9\u00d8\u00a9 (\u00d8\u00af\u00d9\u02c6\u00d8\u00b1\u00d8\u00a9 \u00d8\u00b9\u00d9\u2026\u00d9\u201e 5-5-90)\u00d8\u0152 \u00d9\u201a\u00d8\u00a7\u00d8\u00a8\u00d9\u201e\u00d8\u00a9 \u00d9\u201e\u00d9\u201e\u00d8\u00aa\u00d8\u00a8\u00d8\u00af\u00d9\u0160\u00d9\u201e<\/td>\n<\/tr>\n<tr>\n<td width=\"485\">\u00d8\u00ac\u00d9\u2021\u00d8\u00af \u00d8\u00b9\u00d9\u2026\u00d9\u201e \u00d8\u00a7\u00d9\u201e\u00d8\u00a8\u00d8\u00b7\u00d8\u00a7\u00d8\u00b1\u00d9\u0160\u00d8\u00a9<\/td>\n<td width=\"485\">3.85 \u00d9\u0081\u00d9\u02c6\u00d9\u201e\u00d8\u00aa<\/td>\n<\/tr>\n<tr>\n<td width=\"485\">\u00d9\u02c6\u00d8\u00b6\u00d8\u00b9 \u00d8\u00a7\u00d9\u201e\u00d8\u00b4\u00d8\u00ad\u00d9\u2020<\/td>\n<td width=\"485\">USB \u00d9\u2026\u00d9\u0160\u00d9\u0192\u00d8\u00b1\u00d9\u02c6 2.0 (5 \u00d9\u0081\u00d9\u02c6\u00d9\u201e\u00d8\u00aa\/1.4 \u00d8\u00a3\u00d9\u2026\u00d8\u00a8\u00d9\u0160\u00d8\u00b1) \/ USB \u00d9\u2026\u00d9\u0160\u00d9\u0192\u00d8\u00b1\u00d9\u02c6 2.0 (5 \u00d9\u0081\u00d9\u02c6\u00d9\u201e\u00d8\u00aa\/2 \u00d8\u00a3\u00d9\u2026\u00d8\u00a8\u00d9\u0160\u00d8\u00b1)<\/td>\n<\/tr>\n<\/tbody>\n<\/table>\n<h4 style=\"text-align: left;\"><strong>\u00d8\u00a7\u00d9\u201e\u00d8\u00a8\u00d9\u0160\u00d8\u00a7\u00d9\u2020\u00d8\u00a7\u00d8\u00aa<\/strong><\/h4>\n<table style=\"height: 45px;\" width=\"544\">\n<tbody>\n<tr>\n<td width=\"485\">\u00d9\u02c6\u00d8\u00a7\u00d9\u0160 \u00d9\u0081\u00d8\u00a7\u00d9\u0160<\/td>\n<td width=\"485\">2.4 \u00d8\u00ba\u00d9\u0160\u00d8\u00ba\u00d8\u00a7\u00d9\u2021\u00d8\u00b1\u00d8\u00aa\u00d8\u00b2 \u00d9\u02c6 5 \u00d8\u00ba\u00d9\u0160\u00d8\u00ba\u00d8\u00a7\u00d9\u2021\u00d8\u00b1\u00d8\u00aa\u00d8\u00b2<\/td>\n<\/tr>\n<tr>\n<td width=\"485\">\u00d8\u00a8\u00d9\u201e\u00d9\u02c6\u00d8\u00aa\u00d9\u02c6\u00d8\u00ab<\/td>\n<td width=\"485\">\u00d8\u00a8\u00d9\u201e\u00d9\u02c6\u00d8\u00aa\u00d9\u02c6\u00d8\u00ab 4.1<\/td>\n<\/tr>\n<tr>\n<td width=\"485\">NFC<\/td>\n<td width=\"485\">&#8211; \/ \u00d9\u2026\u00d8\u00af\u00d8\u00b9\u00d9\u02c6\u00d9\u2026<\/td>\n<\/tr>\n<tr>\n<td width=\"485\">\u00d8\u00aa\u00d8\u00ad\u00d8\u00af\u00d9\u0160\u00d8\u00af \u00d8\u00a7\u00d9\u201e\u00d9\u2026\u00d9\u02c6\u00d9\u201a\u00d8\u00b9<\/td>\n<td width=\"485\">GPS \/ GLONASS \/ BDS \/ AGPS<\/td>\n<\/tr>\n<\/tbody>\n<\/table>\n<h4 style=\"text-align: left;\"><strong>\u00d8\u00a7\u00d9\u201e\u00d8\u00b5\u00d9\u02c6\u00d8\u00aa \u00d9\u02c6\u00d8\u00a7\u00d9\u201e\u00d9\u0081\u00d9\u0160\u00d8\u00af\u00d9\u0160\u00d9\u02c6 \u00d9\u02c6\u00d8\u00a7\u00d9\u201e\u00d8\u00b5\u00d9\u02c6\u00d8\u00b1\u00d8\u00a9<\/strong><\/h4>\n<table style=\"height: 45px;\" width=\"544\">\n<tbody>\n<tr>\n<td width=\"485\">\u00d8\u00a7\u00d9\u201e\u00d9\u0192\u00d8\u00a7\u00d9\u2026\u00d9\u0160\u00d8\u00b1\u00d8\u00a7<\/td>\n<td width=\"485\">&#8211; \/ \u00d9\u0192\u00d8\u00a7\u00d9\u2026\u00d9\u0160\u00d8\u00b1\u00d8\u00a7 \u00d8\u00ae\u00d9\u201e\u00d9\u0081\u00d9\u0160\u00d8\u00a9 5 \u00d9\u2026\u00d9\u0160\u00d8\u00ac\u00d8\u00a7\u00d8\u00a8\u00d9\u0192\u00d8\u00b3\u00d9\u201e<\/td>\n<\/tr>\n<tr>\n<td width=\"485\">\u00d9\u0081\u00d9\u201e\u00d8\u00a7\u00d8\u00b4<\/td>\n<td width=\"485\">&#8211; \/ \u00d9\u2026\u00d8\u00af\u00d8\u00b9\u00d9\u02c6\u00d9\u2026<\/td>\n<\/tr>\n<tr>\n<td width=\"485\">\u00d8\u00aa\u00d8\u00b3\u00d8\u00ac\u00d9\u0160\u00d9\u201e \u00d8\u00a7\u00d9\u201e\u00d9\u0081\u00d9\u0160\u00d8\u00af\u00d9\u0160\u00d9\u02c6<\/td>\n<td width=\"485\">&#8211; \/ 720P (1280&#215;720) 30 \u00d8\u00a5\u00d8\u00b7\u00d8\u00a7\u00d8\u00b1\u00d9\u2039\u00d8\u00a7 \u00d9\u0081\u00d9\u0160 \u00d8\u00a7\u00d9\u201e\u00d8\u00ab\u00d8\u00a7\u00d9\u2020\u00d9\u0160\u00d8\u00a9<\/td>\n<\/tr>\n<tr>\n<td width=\"485\">\u00d8\u00aa\u00d9\u2020\u00d8\u00b3\u00d9\u0160\u00d9\u201a \u00d9\u2026\u00d9\u201e\u00d9\u0081 \u00d8\u00a7\u00d9\u201e\u00d9\u0081\u00d9\u0160\u00d8\u00af\u00d9\u0160\u00d9\u02c6<\/td>\n<td width=\"485\">MPEG-4 (.mp4)\u00d8\u0152 3GPP (.3gp)<\/td>\n<\/tr>\n<tr>\n<td width=\"485\">\u00d8\u00aa\u00d9\u2020\u00d8\u00b3\u00d9\u0160\u00d9\u201a \u00d9\u2026\u00d9\u201e\u00d9\u0081 \u00d8\u00a7\u00d9\u201e\u00d8\u00b5\u00d9\u02c6\u00d8\u00b1\u00d8\u00a9<\/td>\n<td width=\"485\">JPEG (.jpg)\u00d8\u0152 PNG (.png)<\/td>\n<\/tr>\n<tr>\n<td width=\"485\">\u00d8\u00aa\u00d9\u2020\u00d8\u00b3\u00d9\u0160\u00d9\u201a \u00d9\u2026\u00d9\u201e\u00d9\u0081 \u00d8\u00a7\u00d9\u201e\u00d8\u00b5\u00d9\u02c6\u00d8\u00aa<\/td>\n<td width=\"485\">MPEG (.m4a)\u00d8\u0152 3GPP (.3gp)<\/td>\n<\/tr>\n<tr>\n<td width=\"485\">\u00d8\u00b4\u00d9\u2021\u00d8\u00a7\u00d8\u00af\u00d8\u00a9<\/td>\n<td width=\"485\">CE\/FCC\/MIL-STD-810G<\/td>\n<\/tr>\n<\/tbody>\n<\/table>\n","protected":false},"excerpt":{"rendered":"<p>\u00d8\u00a7\u00d9\u201e\u00d8\u00ae\u00d8\u00b5\u00d8\u00a7\u00d8\u00a6\u00d8\u00b5 \u00d8\u00a7\u00d9\u201e\u00d8\u00b9\u00d8\u00a7\u00d9\u2026\u00d8\u00a9 \u00d8\u00a7\u00d8\u00b3\u00d9\u2026 \u00d8\u00a7\u00d9\u201e\u00d8\u00b7\u00d8\u00b1\u00d8\u00a7\u00d8\u00b2 PNC380 \u00d8\u00a3\u00d8\u00b3\u00d8\u00a7\u00d8\u00b3\u00d9\u0160 \/ PNC380 \u00d9\u2026\u00d8\u00aa\u00d9\u201a\u00d8\u00af\u00d9\u2026 FDD-LTE B1\/B3\/B5\/B7\/B8\/B18\/B19\/B20\/B26\/B27\/B28 TDD-LTE B38\/B39\/B40\/B41 TD-SCDMA B34\/B39 WCDMA B1\/B3\/B5\/B8 CDMA BC0 GSM<\/p>\n","protected":false},"featured_media":204180,"template":"","meta":[],"product_brand":[],"product_cat":[254,137,142,141,251],"product_tag":[],"class_list":{"0":"post-206304","1":"product","2":"type-product","3":"status-publish","4":"has-post-thumbnail","6":"product_cat-hytera-ar","7":"product_cat-telsiz-haberlesmesi-ar","8":"product_cat-endustriyel-cihazlar-ar","9":"product_cat-sim-kartli-telsizler-ar","10":"product_cat-251","12":"first","13":"instock","14":"shipping-taxable","15":"product-type-simple"},"_links":{"self":[{"href":"https:\/\/multicom.com.tr\/ar\/wp-json\/wp\/v2\/product\/206304","targetHints":{"allow":["GET"]}}],"collection":[{"href":"https:\/\/multicom.com.tr\/ar\/wp-json\/wp\/v2\/product"}],"about":[{"href":"https:\/\/multicom.com.tr\/ar\/wp-json\/wp\/v2\/types\/product"}],"version-history":[{"count":3,"href":"https:\/\/multicom.com.tr\/ar\/wp-json\/wp\/v2\/product\/206304\/revisions"}],"predecessor-version":[{"id":209592,"href":"https:\/\/multicom.com.tr\/ar\/wp-json\/wp\/v2\/product\/206304\/revisions\/209592"}],"wp:featuredmedia":[{"embeddable":true,"href":"https:\/\/multicom.com.tr\/ar\/wp-json\/wp\/v2\/media\/204180"}],"wp:attachment":[{"href":"https:\/\/multicom.com.tr\/ar\/wp-json\/wp\/v2\/media?parent=206304"}],"wp:term":[{"taxonomy":"product_brand","embeddable":true,"href":"https:\/\/multicom.com.tr\/ar\/wp-json\/wp\/v2\/product_brand?post=206304"},{"taxonomy":"product_cat","embeddable":true,"href":"https:\/\/multicom.com.tr\/ar\/wp-json\/wp\/v2\/product_cat?post=206304"},{"taxonomy":"product_tag","embeddable":true,"href":"https:\/\/multicom.com.tr\/ar\/wp-json\/wp\/v2\/product_tag?post=206304"}],"curies":[{"name":"wp","href":"https:\/\/api.w.org\/{rel}","templated":true}]}}