{"id":206242,"date":"2024-09-24T09:57:57","date_gmt":"2024-09-24T06:57:57","guid":{"rendered":"https:\/\/multicom.com.tr\/urun\/kirisun-pt8000-analog-arac-sabit-telsizi\/"},"modified":"2024-10-15T13:40:31","modified_gmt":"2024-10-15T10:40:31","slug":"kirisun-pt8000-analog-arac-sabit-telsizi","status":"publish","type":"product","link":"https:\/\/multicom.com.tr\/ar\/urun\/kirisun-pt8000-analog-arac-sabit-telsizi\/","title":{"rendered":"\u00d8\u00ac\u00d9\u2021\u00d8\u00a7\u00d8\u00b2 \u00d8\u00a7\u00d9\u201e\u00d8\u00a7\u00d8\u00aa\u00d8\u00b5\u00d8\u00a7\u00d9\u201e \u00d8\u00a7\u00d9\u201e\u00d8\u00ab\u00d8\u00a7\u00d8\u00a8\u00d8\u00aa Kirisun PT8000 \u00d8\u00a7\u00d9\u201e\u00d8\u00aa\u00d9\u2020\u00d8\u00a7\u00d8\u00b8\u00d8\u00b1\u00d9\u0160 \u00d9\u201e\u00d9\u201e\u00d8\u00b3\u00d9\u0160\u00d8\u00a7\u00d8\u00b1\u00d8\u00a7\u00d8\u00aa"},"content":{"rendered":"<h4 style=\"text-align: left;\"><strong>\u00d8\u00ac\u00d9\u2021\u00d8\u00a7\u00d8\u00b2 \u00d8\u00a7\u00d8\u00aa\u00d8\u00b5\u00d8\u00a7\u00d9\u201e \u00d9\u0192\u00d9\u0160\u00d8\u00b1\u00d9\u0160\u00d8\u00b3\u00d9\u02c6\u00d9\u2020 PT8000 \u00d8\u00aa\u00d9\u2020\u00d8\u00a7\u00d8\u00b8\u00d8\u00b1\u00d9\u0160 \u00d9\u201e\u00d9\u201e\u00d8\u00b3\u00d9\u0160\u00d8\u00a7\u00d8\u00b1\u00d8\u00a7\u00d8\u00aa\/\u00d8\u00ab\u00d8\u00a7\u00d8\u00a8\u00d8\u00aa<\/strong><\/h4>\n<h4 style=\"text-align: left;\"><strong>\u00d8\u00a7\u00d9\u201e\u00d8\u00aa\u00d9\u0081\u00d8\u00a7\u00d8\u00b5\u00d9\u0160\u00d9\u201e \u00d8\u00a7\u00d9\u201e\u00d9\u0081\u00d9\u2020\u00d9\u0160\u00d8\u00a9<\/strong><\/h4>\n<table style=\"height: 45px;\" width=\"544\">\n<tbody>\n<tr>\n<td width=\"485\">\u00d8\u00b3\u00d8\u00b9\u00d8\u00a9 8 \u00d9\u201a\u00d9\u2020\u00d9\u02c6\u00d8\u00a7\u00d8\u00aa<\/td>\n<td width=\"485\"><\/td>\n<\/tr>\n<tr>\n<td width=\"485\">\u00d9\u201a\u00d9\u02c6\u00d8\u00a9 \u00d8\u00ae\u00d8\u00b1\u00d8\u00ac \u00d8\u00a7\u00d9\u201e\u00d8\u00b5\u00d9\u02c6\u00d8\u00aa 12 \u00d9\u02c6\u00d8\u00a7\u00d8\u00b7 \u00d9\u02c6\u00d8\u00aa\u00d9\u0192\u00d9\u2020\u00d9\u02c6\u00d9\u201e\u00d9\u02c6\u00d8\u00ac\u00d9\u0160\u00d8\u00a7 \u00d8\u00a7\u00d9\u201e\u00d8\u00b5\u00d9\u02c6\u00d8\u00aa DSP<\/td>\n<td width=\"485\"><\/td>\n<\/tr>\n<tr>\n<td width=\"485\">\u00d9\u2020\u00d8\u00b7\u00d8\u00a7\u00d9\u201a \u00d8\u00a7\u00d9\u201e\u00d8\u00aa\u00d8\u00b1\u00d8\u00af\u00d8\u00af<\/td>\n<td width=\"485\">VHF: 136.000 \u00e2\u20ac\u201c 174.000 \u00d9\u2026\u00d9\u0160\u00d8\u00ba\u00d8\u00a7\u00d9\u2021\u00d8\u00b1\u00d8\u00aa\u00d8\u00b2\u00d8\u0152 UHF: 400.000 \u00e2\u20ac\u201c 470.000 \u00d9\u2026\u00d9\u0160\u00d8\u00ba\u00d8\u00a7\u00d9\u2021\u00d8\u00b1\u00d8\u00aa\u00d8\u00b2<\/td>\n<\/tr>\n<tr>\n<td width=\"485\">\u00d9\u0160\u00d9\u02c6\u00d9\u0081\u00d8\u00b1 \u00d8\u00ad\u00d9\u2026\u00d8\u00a7\u00d9\u0160\u00d8\u00a9 \u00d9\u02c6\u00d9\u0081\u00d9\u201a \u00d9\u2026\u00d8\u00b9\u00d8\u00a7\u00d9\u0160\u00d9\u0160\u00d8\u00b1 MIL-STD 810 C\/D\/E\/F \u00d8\u00a7\u00d9\u201e\u00d8\u00b9\u00d8\u00b3\u00d9\u0192\u00d8\u00b1\u00d9\u0160\u00d8\u00a9<\/td>\n<td width=\"485\"><\/td>\n<\/tr>\n<\/tbody>\n<\/table>\n","protected":false},"excerpt":{"rendered":"<p>\u00d8\u00ac\u00d9\u2021\u00d8\u00a7\u00d8\u00b2 \u00d8\u00a7\u00d8\u00aa\u00d8\u00b5\u00d8\u00a7\u00d9\u201e \u00d9\u0192\u00d9\u0160\u00d8\u00b1\u00d9\u0160\u00d8\u00b3\u00d9\u02c6\u00d9\u2020 PT8000 \u00d8\u00aa\u00d9\u2020\u00d8\u00a7\u00d8\u00b8\u00d8\u00b1\u00d9\u0160 \u00d9\u201e\u00d9\u201e\u00d8\u00b3\u00d9\u0160\u00d8\u00a7\u00d8\u00b1\u00d8\u00a7\u00d8\u00aa\/\u00d8\u00ab\u00d8\u00a7\u00d8\u00a8\u00d8\u00aa \u00d8\u00a7\u00d9\u201e\u00d8\u00aa\u00d9\u0081\u00d8\u00a7\u00d8\u00b5\u00d9\u0160\u00d9\u201e \u00d8\u00a7\u00d9\u201e\u00d9\u0081\u00d9\u2020\u00d9\u0160\u00d8\u00a9 \u00d8\u00b3\u00d8\u00b9\u00d8\u00a9 8 \u00d9\u201a\u00d9\u2020\u00d9\u02c6\u00d8\u00a7\u00d8\u00aa \u00d9\u201a\u00d9\u02c6\u00d8\u00a9 \u00d8\u00ae\u00d8\u00b1\u00d8\u00ac \u00d8\u00a7\u00d9\u201e\u00d8\u00b5\u00d9\u02c6\u00d8\u00aa 12 \u00d9\u02c6\u00d8\u00a7\u00d8\u00b7 \u00d9\u02c6\u00d8\u00aa\u00d9\u0192\u00d9\u2020\u00d9\u02c6\u00d9\u201e\u00d9\u02c6\u00d8\u00ac\u00d9\u0160\u00d8\u00a7 \u00d8\u00a7\u00d9\u201e\u00d8\u00b5\u00d9\u02c6\u00d8\u00aa DSP \u00d9\u2020\u00d8\u00b7\u00d8\u00a7\u00d9\u201a<\/p>\n","protected":false},"featured_media":204156,"template":"","meta":[],"product_brand":[],"product_cat":[256,137,139,251],"product_tag":[],"class_list":{"0":"post-206242","1":"product","2":"type-product","3":"status-publish","4":"has-post-thumbnail","6":"product_cat-kirisun-ar","7":"product_cat-telsiz-haberlesmesi-ar","8":"product_cat-analog-telsizler-ar","9":"product_cat-251","11":"first","12":"instock","13":"shipping-taxable","14":"product-type-simple"},"_links":{"self":[{"href":"https:\/\/multicom.com.tr\/ar\/wp-json\/wp\/v2\/product\/206242","targetHints":{"allow":["GET"]}}],"collection":[{"href":"https:\/\/multicom.com.tr\/ar\/wp-json\/wp\/v2\/product"}],"about":[{"href":"https:\/\/multicom.com.tr\/ar\/wp-json\/wp\/v2\/types\/product"}],"version-history":[{"count":3,"href":"https:\/\/multicom.com.tr\/ar\/wp-json\/wp\/v2\/product\/206242\/revisions"}],"predecessor-version":[{"id":209341,"href":"https:\/\/multicom.com.tr\/ar\/wp-json\/wp\/v2\/product\/206242\/revisions\/209341"}],"wp:featuredmedia":[{"embeddable":true,"href":"https:\/\/multicom.com.tr\/ar\/wp-json\/wp\/v2\/media\/204156"}],"wp:attachment":[{"href":"https:\/\/multicom.com.tr\/ar\/wp-json\/wp\/v2\/media?parent=206242"}],"wp:term":[{"taxonomy":"product_brand","embeddable":true,"href":"https:\/\/multicom.com.tr\/ar\/wp-json\/wp\/v2\/product_brand?post=206242"},{"taxonomy":"product_cat","embeddable":true,"href":"https:\/\/multicom.com.tr\/ar\/wp-json\/wp\/v2\/product_cat?post=206242"},{"taxonomy":"product_tag","embeddable":true,"href":"https:\/\/multicom.com.tr\/ar\/wp-json\/wp\/v2\/product_tag?post=206242"}],"curies":[{"name":"wp","href":"https:\/\/api.w.org\/{rel}","templated":true}]}}