{"id":212178,"date":"2025-10-02T10:55:26","date_gmt":"2025-10-02T07:55:26","guid":{"rendered":"https:\/\/multicom.com.tr\/gizlilik-politikasi\/"},"modified":"2025-10-02T11:06:35","modified_gmt":"2025-10-02T08:06:35","slug":"%d8%b3%d9%8a%d8%a7%d8%b3%d8%a9-%d8%a7%d9%84%d8%ae%d8%b5%d9%88%d8%b5%d9%8a%d8%a9","status":"publish","type":"page","link":"https:\/\/multicom.com.tr\/ar\/%d8%b3%d9%8a%d8%a7%d8%b3%d8%a9-%d8%a7%d9%84%d8%ae%d8%b5%d9%88%d8%b5%d9%8a%d8%a9\/","title":{"rendered":"\u00d8\u00b3\u00d9\u0160\u00d8\u00a7\u00d8\u00b3\u00d8\u00a9 \u00d8\u00a7\u00d9\u201e\u00d8\u00ae\u00d8\u00b5\u00d9\u02c6\u00d8\u00b5\u00d9\u0160\u00d8\u00a9"},"content":{"rendered":"\t\t<div data-elementor-type=\"wp-page\" data-elementor-id=\"212178\" class=\"elementor elementor-212178 elementor-212170\">\n\t\t\t\t<div class=\"elementor-element elementor-element-423504e e-flex e-con-boxed e-con e-parent\" data-id=\"423504e\" data-element_type=\"container\">\n\t\t\t\t\t<div class=\"e-con-inner\">\n\t\t\t\t<div class=\"elementor-element elementor-element-b4a7a52 elementor-widget elementor-widget-heading\" data-id=\"b4a7a52\" data-element_type=\"widget\" data-widget_type=\"heading.default\">\n\t\t\t\t<div class=\"elementor-widget-container\">\n\t\t\t\t\t<h1 class=\"elementor-heading-title elementor-size-default\">\u0633\u064a\u0627\u0633\u0629 \u0627\u0644\u062e\u0635\u0648\u0635\u064a\u0629<\/h1>\t\t\t\t<\/div>\n\t\t\t\t<\/div>\n\t\t\t\t<div class=\"elementor-element elementor-element-4e2fb37 elementor-widget-divider--view-line elementor-widget elementor-widget-divider\" data-id=\"4e2fb37\" data-element_type=\"widget\" data-widget_type=\"divider.default\">\n\t\t\t\t<div class=\"elementor-widget-container\">\n\t\t\t\t\t\t\t<div class=\"elementor-divider\">\n\t\t\t<span class=\"elementor-divider-separator\">\n\t\t\t\t\t\t<\/span>\n\t\t<\/div>\n\t\t\t\t\t\t<\/div>\n\t\t\t\t<\/div>\n\t\t\t\t\t<\/div>\n\t\t\t\t<\/div>\n\t\t<div class=\"elementor-element elementor-element-0fd8cdc elementor-hidden-tablet elementor-hidden-mobile e-flex e-con-boxed elementor-invisible e-con e-parent\" data-id=\"0fd8cdc\" data-element_type=\"container\" data-settings=\"{&quot;animation&quot;:&quot;fadeInUp&quot;}\">\n\t\t\t\t\t<div class=\"e-con-inner\">\n\t\t<div class=\"elementor-element elementor-element-bfdfa1c e-con-full e-flex e-con e-child\" data-id=\"bfdfa1c\" data-element_type=\"container\">\n\t\t\t\t<div class=\"elementor-element elementor-element-b568bb3 elementor-widget elementor-widget-text-editor\" data-id=\"b568bb3\" data-element_type=\"widget\" data-widget_type=\"text-editor.default\">\n\t\t\t\t<div class=\"elementor-widget-container\">\n\t\t\t\t\t\t\t\t\t<p data-start=\"84\" data-end=\"289\"><strong data-start=\"84\" data-end=\"287\">\u062a\u0648\u0644\u064a \u0634\u0631\u0643\u0629 MULT\u0130COM ELEKTRON\u0130K VE HABERLE\u015eME S\u0130STEMLER\u0130 SANAY\u0130 VE T\u0130CARET L\u0130M\u0130TED \u015e\u0130RKET\u0130 \u0623\u0647\u0645\u064a\u0629 \u0643\u0628\u064a\u0631\u0629 \u0644\u0639\u0644\u0627\u0642\u0629 \u0627\u0644\u062b\u0642\u0629 \u0627\u0644\u0645\u062a\u0628\u0627\u062f\u0644\u0629 \u0627\u0644\u062a\u064a \u0646\u0642\u064a\u0645\u0647\u0627 \u0645\u0639 \u0639\u0645\u0644\u0627\u0626\u0646\u0627. \u0648\u062a\u0634\u0643\u0651\u0644 \u0627\u0644\u0645\u0639\u0644\u0648\u0645\u0627\u062a \u0627\u0644\u062a\u0627\u0644\u064a\u0629 \u0633\u064a\u0627\u0633\u0629 \u0627\u0644\u062e\u0635\u0648\u0635\u064a\u0629 \u0627\u0644\u062e\u0627\u0635\u0629 \u0628\u0646\u0627.<\/strong><\/p><p data-start=\"291\" data-end=\"325\"><strong data-start=\"291\" data-end=\"323\">\u0645\u0627 \u0647\u064a \u0627\u0644\u0645\u0639\u0644\u0648\u0645\u0627\u062a \u0627\u0644\u062a\u064a \u0646\u062c\u0645\u0639\u0647\u0627\u061f<\/strong><\/p><p data-start=\"327\" data-end=\"491\">\u2013 <strong data-start=\"329\" data-end=\"350\">\u0627\u0644\u0628\u064a\u0627\u0646\u0627\u062a \u0627\u0644\u0634\u062e\u0635\u064a\u0629:<\/strong> \u062a\u064f\u0639\u062a\u0628\u0631 \u0623\u064a \u0645\u0639\u0644\u0648\u0645\u0627\u062a \u064a\u0645\u0643\u0646 \u0627\u0633\u062a\u062e\u062f\u0627\u0645\u0647\u0627 \u0644\u0644\u062a\u0639\u0631\u064a\u0641 \u0628\u0643 \u0628\u064a\u0627\u0646\u0627\u062a \u0634\u062e\u0635\u064a\u0629. \u0642\u062f \u062a\u0634\u0645\u0644 \u0647\u0630\u0647 \u0627\u0644\u0645\u0639\u0644\u0648\u0645\u0627\u062a: \u0627\u0633\u0645\u0643\u060c \u0639\u0646\u0648\u0627\u0646\u0643\u060c \u0628\u0631\u064a\u062f\u0643 \u0627\u0644\u0625\u0644\u0643\u062a\u0631\u0648\u0646\u064a\u060c \u062a\u0627\u0631\u064a\u062e \u0645\u064a\u0644\u0627\u062f\u0643\u060c \u0648\u0631\u0642\u0645 \u0647\u0627\u062a\u0641\u0643.<\/p><p data-start=\"493\" data-end=\"745\">\u2013 <strong data-start=\"495\" data-end=\"514\">\u0645\u0639\u0644\u0648\u0645\u0627\u062a \u0627\u0644\u062a\u0635\u0641\u062d:<\/strong> \u062a\u064f\u0633\u0645\u0651\u0649 \u0627\u0644\u0645\u0639\u0644\u0648\u0645\u0627\u062a \u0627\u0644\u062a\u064a \u064a\u062a\u0645 \u062c\u0645\u0639\u0647\u0627 \u0639\u0646 \u0623\u0646\u0634\u0637\u062a\u0643 \u0639\u0644\u0649 \u0645\u0648\u0627\u0642\u0639\u0646\u0627 \u0628\u0627\u0633\u062a\u062e\u062f\u0627\u0645 \u062a\u0642\u0646\u064a\u0627\u062a \u0645\u062b\u0644 \u0645\u0644\u0641\u0627\u062a \u062a\u0639\u0631\u064a\u0641 \u0627\u0644\u0627\u0631\u062a\u0628\u0627\u0637 (\u0627\u0644\u0643\u0648\u0643\u064a\u0632) \u0648\u0625\u0634\u0627\u0631\u0627\u062a \u0627\u0644\u0648\u064a\u0628 \u0628\u0645\u0639\u0644\u0648\u0645\u0627\u062a \u0627\u0644\u062a\u0635\u0641\u062d. \u0648\u0625\u0630\u0627 \u0643\u0627\u0646\u062a \u0647\u0630\u0647 \u0627\u0644\u0645\u0639\u0644\u0648\u0645\u0627\u062a \u0645\u0631\u062a\u0628\u0637\u0629 \u0628\u0628\u064a\u0627\u0646\u0627\u062a \u064a\u0645\u0643\u0646 \u0623\u0646 \u062a\u062d\u062f\u062f \u0647\u0648\u064a\u062a\u0643 \u0634\u062e\u0635\u064a\u064b\u0627\u060c \u0641\u0625\u0646\u0647\u0627 \u062a\u064f\u0639\u062a\u0628\u0631 \u0628\u064a\u0627\u0646\u0627\u062a \u0634\u062e\u0635\u064a\u0629.<\/p><p data-start=\"747\" data-end=\"996\">\u2013 <strong data-start=\"749\" data-end=\"775\">\u0627\u0644\u0645\u0639\u0644\u0648\u0645\u0627\u062a \u0627\u0644\u062a\u064a \u062a\u0642\u062f\u0645\u0647\u0627:<\/strong> \u0627\u0644\u0645\u0639\u0644\u0648\u0645\u0627\u062a \u0627\u0644\u062a\u064a \u062a\u0634\u0627\u0631\u0643\u0647\u0627 \u0641\u064a \u0627\u0644\u0645\u0646\u062a\u062f\u064a\u0627\u062a \u0627\u0644\u0639\u0627\u0645\u0629 \u0645\u062b\u0644 \u0625\u0631\u0633\u0627\u0644 \u062a\u0642\u064a\u064a\u0645 \u0644\u0644\u0645\u0646\u062a\u062c\u0627\u062a \u0623\u0648 \u0636\u0645\u0646 \u0627\u0644\u0645\u062d\u062a\u0648\u0649 \u0627\u0644\u0630\u064a \u064a\u0646\u0634\u0626\u0647 \u0627\u0644\u0645\u0633\u062a\u062e\u062f\u0645 \u0641\u064a \u0645\u0648\u0627\u0642\u0639\u0646\u0627\u060c \u062a\u064f\u0639\u062a\u0628\u0631 \u0645\u0639\u0644\u0648\u0645\u0627\u062a \u0639\u0627\u0645\u0629 \u0628\u0645\u0648\u062c\u0628 \u0647\u0630\u0647 \u0627\u0644\u0633\u064a\u0627\u0633\u0629. \u0644\u0630\u0644\u0643\u060c \u0646\u0631\u062c\u0648 \u0639\u062f\u0645 \u062a\u0642\u062f\u064a\u0645 \u0623\u064a \u0645\u0639\u0644\u0648\u0645\u0627\u062a \u0644\u0627 \u062a\u0631\u063a\u0628 \u0641\u064a \u0623\u0646 \u062a\u0643\u0648\u0646 \u0645\u062a\u0627\u062d\u0629 \u0644\u0644\u0639\u0627\u0645\u0629.<\/p><p data-start=\"998\" data-end=\"1027\"><strong data-start=\"998\" data-end=\"1025\">\u0645\u0646 \u0627\u0644\u0630\u064a \u064a\u062c\u0645\u0639 \u0627\u0644\u0645\u0639\u0644\u0648\u0645\u0627\u062a\u061f<\/strong><\/p><p data-start=\"1029\" data-end=\"1452\">\u0639\u0646\u062f \u062a\u0635\u0641\u062d\u0643 \u0644\u0647\u0630\u0627 \u0627\u0644\u0645\u0648\u0642\u0639\u060c \u0642\u062f \u062a\u0642\u0648\u0645 \u0634\u0631\u0643\u0629 <strong data-start=\"1065\" data-end=\"1147\">MULT\u0130COM ELEKTRON\u0130K VE HABERLE\u015eME S\u0130STEMLER\u0130 SANAY\u0130 VE T\u0130CARET L\u0130M\u0130TED \u015e\u0130RKET\u0130<\/strong> \u0628\u062c\u0645\u0639 \u0645\u0639\u0644\u0648\u0645\u0627\u062a \u062a\u062e\u0635\u0643 \u0628\u0645\u0627 \u0641\u064a \u0630\u0644\u0643 \u0627\u0644\u0628\u064a\u0627\u0646\u0627\u062a \u0627\u0644\u0634\u062e\u0635\u064a\u0629. \u0643\u0645\u0627 \u0646\u062a\u0639\u0627\u0648\u0646 \u0645\u0639 \u0634\u0631\u0643\u0627\u0621 \u0639\u0645\u0644 \u0645\u062a\u0646\u0648\u0639\u064a\u0646 \u064a\u0633\u0627\u0639\u062f\u0648\u0646\u0646\u0627 \u0641\u064a \u062a\u0634\u063a\u064a\u0644 \u0645\u0648\u0627\u0642\u0639\u0646\u0627 \u0648\u062a\u0642\u062f\u064a\u0645 \u062e\u062f\u0645\u0627\u062a \u0647\u0627\u0645\u0629 \u0644\u0639\u0645\u0644\u0627\u0626\u0646\u0627 \u0648\u0632\u0648\u0627\u0631\u0646\u0627\u060c \u0648\u064a\u064f\u0639\u062a\u0628\u0631 \u0647\u0624\u0644\u0627\u0621 \u0634\u0631\u0643\u0627\u0621 \u0645\u0648\u062b\u0648\u0642\u064a\u0646. \u0642\u062f \u064a\u062a\u063a\u064a\u0631 \u0634\u0631\u0643\u0627\u0624\u0646\u0627 \u0627\u0644\u0645\u0648\u062b\u0648\u0642\u0648\u0646 \u0645\u0639 \u0645\u0631\u0648\u0631 \u0627\u0644\u0648\u0642\u062a\u060c \u0644\u0643\u0646\u0646\u0627 \u062f\u0627\u0626\u0645\u064b\u0627 \u0646\u062d\u0627\u0641\u0638 \u0639\u0644\u0649 \u0639\u0644\u0627\u0642\u0627\u062a \u0636\u0631\u0648\u0631\u064a\u0629 \u0645\u0639 \u0623\u0637\u0631\u0627\u0641 \u062b\u0627\u0644\u062b\u0629 \u0644\u0636\u0645\u0627\u0646 \u062a\u062c\u0631\u0628\u0629 \u0622\u0645\u0646\u0629 \u0648\u0645\u0631\u0636\u064a\u0629 \u0639\u0628\u0631 \u0627\u0644\u0625\u0646\u062a\u0631\u0646\u062a.<\/p><p data-start=\"1454\" data-end=\"1481\"><strong data-start=\"1454\" data-end=\"1479\">\u0643\u064a\u0641 \u0646\u0633\u062a\u062e\u062f\u0645 \u0627\u0644\u0645\u0639\u0644\u0648\u0645\u0627\u062a\u061f<\/strong><\/p><p data-start=\"1483\" data-end=\"1812\">\u064a\u0645\u0643\u0646 \u0627\u0633\u062a\u062e\u062f\u0627\u0645 \u062c\u0645\u064a\u0639 \u0627\u0644\u0645\u0639\u0644\u0648\u0645\u0627\u062a \u0627\u0644\u062a\u064a \u0646\u062c\u0645\u0639\u0647\u0627 \u0639\u0646\u0643 \u0645\u0646 \u0623\u062c\u0644 \u0625\u062f\u0627\u0631\u0629 \u062a\u0648\u0627\u0635\u0644\u0646\u0627 \u0645\u0639\u0643 \u0648\u062a\u0637\u0648\u064a\u0631 \u0645\u0646\u062a\u062c\u0627\u062a\u0646\u0627 \u0648\u062e\u062f\u0645\u0627\u062a\u0646\u0627. \u0628\u0627\u0644\u0625\u0636\u0627\u0641\u0629 \u0625\u0644\u0649 \u0630\u0644\u0643\u060c \u0642\u062f \u0646\u0633\u062a\u062e\u062f\u0645 \u0627\u0644\u0645\u0639\u0644\u0648\u0645\u0627\u062a \u0627\u0644\u0645\u062c\u0645\u0639\u0629 \u0623\u0648 \u0627\u0644\u0645\u0633\u062a\u0644\u0645\u0629 \u0644\u0644\u062a\u0648\u0627\u0635\u0644 \u0645\u0639\u0643 \u0645\u0628\u0627\u0634\u0631\u0629 \u0639\u0628\u0631 \u0631\u0633\u0627\u0626\u0644 \u0627\u0644\u0628\u0631\u064a\u062f \u0627\u0644\u0625\u0644\u0643\u062a\u0631\u0648\u0646\u064a \u0627\u0644\u062a\u064a \u062a\u062a\u0636\u0645\u0646 \u0646\u0634\u0631\u0627\u062a \u0625\u062e\u0628\u0627\u0631\u064a\u0629 \u0623\u0648 \u0639\u0631\u0648\u0636 \u062a\u0631\u0648\u064a\u062c\u064a\u0629 \u0623\u0648 \u0639\u0631\u0648\u0636 \u062e\u0627\u0635\u0629. \u0625\u0630\u0627 \u0644\u0645 \u062a\u0631\u063a\u0628 \u0641\u064a \u062a\u0644\u0642\u064a \u0647\u0630\u0647 \u0627\u0644\u0631\u0633\u0627\u0626\u0644\u060c \u064a\u0645\u0643\u0646\u0643 \u0625\u0644\u063a\u0627\u0621 \u0627\u0644\u0627\u0634\u062a\u0631\u0627\u0643 \u0623\u0648 \u062a\u0639\u062f\u064a\u0644 \u062a\u0641\u0636\u064a\u0644\u0627\u062a\u0643.<\/p><p data-start=\"1814\" data-end=\"2058\">\u0643\u0645\u0627 \u0646\u0633\u062a\u062e\u062f\u0645 \u0627\u0644\u0645\u0639\u0644\u0648\u0645\u0627\u062a \u0644\u0625\u0631\u0633\u0627\u0644 \u0631\u0633\u0627\u0626\u0644 \u0625\u0644\u0643\u062a\u0631\u0648\u0646\u064a\u0629 \u062a\u062a\u0639\u0644\u0642 \u0628\u062a\u0623\u0643\u064a\u062f \u0627\u0644\u062d\u0633\u0627\u0628\u060c \u062a\u0623\u0643\u064a\u062f \u0627\u0644\u0645\u0634\u062a\u0631\u064a\u0627\u062a \u0648\u0627\u0644\u0641\u0648\u0627\u062a\u064a\u0631\u060c \u0627\u0644\u062a\u0630\u0643\u064a\u0631\u0627\u062a\u060c \u0627\u0644\u062a\u062d\u062f\u064a\u062b\u0627\u062a \u0623\u0648 \u0627\u0644\u062a\u063a\u064a\u064a\u0631\u0627\u062a \u0641\u064a \u062e\u0635\u0627\u0626\u0635 \u0627\u0644\u0645\u0648\u0642\u0639\u060c \u0628\u0627\u0644\u0625\u0636\u0627\u0641\u0629 \u0625\u0644\u0649 \u0625\u0634\u0639\u0627\u0631\u0627\u062a \u062a\u0642\u0646\u064a\u0629 \u0648\u0623\u0645\u0646\u064a\u0629. \u064a\u0631\u062c\u0649 \u0645\u0644\u0627\u062d\u0638\u0629 \u0623\u0646\u0647 \u0644\u0627 \u064a\u0645\u0643\u0646\u0643 \u0625\u0644\u063a\u0627\u0621 \u0627\u0644\u0627\u0634\u062a\u0631\u0627\u0643 \u0645\u0646 \u0647\u0630\u0627 \u0627\u0644\u0646\u0648\u0639 \u0645\u0646 \u0627\u0644\u0631\u0633\u0627\u0626\u0644.<\/p><p data-start=\"2060\" data-end=\"2088\"><strong data-start=\"2060\" data-end=\"2086\">\u062e\u064a\u0627\u0631\u0627\u062a\u0643 \u0628\u062e\u0635\u0648\u0635 \u0645\u0639\u0644\u0648\u0645\u0627\u062a\u0643<\/strong><\/p><p data-start=\"2090\" data-end=\"2312\">\u0628\u0627\u0644\u0646\u0633\u0628\u0629 \u0644\u0644\u0628\u064a\u0627\u0646\u0627\u062a \u0627\u0644\u0634\u062e\u0635\u064a\u0629 \u0627\u0644\u062a\u064a \u0642\u062f\u0645\u062a\u0647\u0627 \u0644\u0625\u062a\u0645\u0627\u0645 \u0637\u0644\u0628 \u0634\u0631\u0627\u0621 \u0623\u0648 \u0644\u0644\u0645\u0634\u0627\u0631\u0643\u0629 \u0641\u064a \u0639\u0631\u0636 \u0623\u0648 \u0645\u0633\u0627\u0628\u0642\u0629 \u0639\u0628\u0631 \u0627\u0644\u0625\u0646\u062a\u0631\u0646\u062a\u060c \u064a\u062d\u0642 \u0644\u0643 \u062f\u0627\u0626\u0645\u064b\u0627 \u062a\u0639\u062f\u064a\u0644 \u0623\u0648 \u062a\u0635\u062d\u064a\u062d \u0647\u0630\u0647 \u0627\u0644\u0628\u064a\u0627\u0646\u0627\u062a\u060c \u0648\u0644\u062f\u064a\u0643 \u0627\u0644\u062d\u0642 \u0641\u064a \u0627\u0644\u0627\u0639\u062a\u0631\u0627\u0636 \u0645\u062c\u0627\u0646\u064b\u0627 \u0639\u0644\u0649 \u0627\u0633\u062a\u062e\u062f\u0627\u0645 \u0628\u064a\u0627\u0646\u0627\u062a\u0643 \u0627\u0644\u0634\u062e\u0635\u064a\u0629 \u0644\u0623\u063a\u0631\u0627\u0636 \u0627\u0644\u062a\u0633\u0648\u064a\u0642 \u0627\u0644\u0645\u0628\u0627\u0634\u0631.<\/p><p data-start=\"2314\" data-end=\"2482\">\u0625\u0630\u0627 \u0623\u0646\u0634\u0623\u062a \u062d\u0633\u0627\u0628\u064b\u0627\u060c \u064a\u0645\u0643\u0646\u0643 \u0627\u0644\u0648\u0635\u0648\u0644 \u0625\u0644\u0649 \u062e\u064a\u0627\u0631\u0627\u062a\u0643 \u0648\u0625\u0639\u062f\u0627\u062f\u0627\u062a\u0643 \u0645\u0646 \u062e\u0644\u0627\u0644 \u0627\u0644\u0646\u0642\u0631 \u0639\u0644\u0649 &#8220;\u062d\u0633\u0627\u0628\u064a&#8221; \u0641\u064a \u0623\u064a \u0635\u0641\u062d\u0629\u060c \u062b\u0645 \u0627\u0644\u062f\u062e\u0648\u0644 \u0625\u0644\u0649 \u0642\u0633\u0645 &#8220;\u0645\u0639\u0644\u0648\u0645\u0627\u062a\u064a \u0627\u0644\u0634\u062e\u0635\u064a\u0629&#8221; \u0644\u0645\u0631\u0627\u062c\u0639\u0629 \u0628\u064a\u0627\u0646\u0627\u062a\u0643 \u0623\u0648 \u062a\u0635\u062d\u064a\u062d\u0647\u0627 \u0623\u0648 \u062a\u062d\u062f\u064a\u062b\u0647\u0627.<\/p><p data-start=\"2484\" data-end=\"2643\">\u0643\u0645\u0627 \u064a\u0645\u0643\u0646\u0643 \u0627\u062e\u062a\u064a\u0627\u0631 \u0639\u062f\u0645 \u062a\u0644\u0642\u064a \u0627\u0644\u0631\u0633\u0627\u0626\u0644 \u0627\u0644\u062a\u0631\u0648\u064a\u062c\u064a\u0629 \u0627\u0644\u0645\u0633\u062a\u0642\u0628\u0644\u064a\u0629 \u0645\u0646 \u062e\u0644\u0627\u0644 \u0627\u0644\u0646\u0642\u0631 \u0639\u0644\u0649 \u0631\u0627\u0628\u0637 &#8220;\u0625\u0644\u063a\u0627\u0621 \u0627\u0644\u0627\u0634\u062a\u0631\u0627\u0643&#8221; \u0623\u0633\u0641\u0644 \u0631\u0633\u0627\u0626\u0644 \u0627\u0644\u0628\u0631\u064a\u062f \u0627\u0644\u0625\u0644\u0643\u062a\u0631\u0648\u0646\u064a \u0623\u0648 \u0632\u0631 &#8220;\u0625\u0644\u063a\u0627\u0621 \u0627\u0644\u0627\u0634\u062a\u0631\u0627\u0643&#8221; \u0641\u064a \u0645\u0648\u0642\u0639\u0646\u0627.<\/p><p data-start=\"2645\" data-end=\"2734\">\u0633\u064a\u062a\u0645 \u0627\u0644\u0627\u062d\u062a\u0641\u0627\u0638 \u0628\u0628\u064a\u0627\u0646\u0627\u062a\u0643 \u0627\u0644\u0634\u062e\u0635\u064a\u0629 \u0641\u0642\u0637 \u0644\u0644\u0645\u062f\u0629 \u0627\u0644\u0644\u0627\u0632\u0645\u0629 \u0644\u0644\u0623\u063a\u0631\u0627\u0636 \u0627\u0644\u0645\u0648\u0636\u062d\u0629 \u0641\u064a \u0633\u064a\u0627\u0633\u0629 \u0627\u0644\u062e\u0635\u0648\u0635\u064a\u0629 \u0647\u0630\u0647.<\/p><p data-start=\"2736\" data-end=\"2887\">\u0644\u0623\u064a \u0623\u0633\u0626\u0644\u0629 \u0623\u0648 \u0645\u0634\u0643\u0644\u0627\u062a \u0628\u062e\u0635\u0648\u0635 \u062a\u0635\u062d\u064a\u062d \u0628\u064a\u0627\u0646\u0627\u062a\u0643 \u0627\u0644\u0634\u062e\u0635\u064a\u0629 \u0623\u0648 \u0625\u062f\u0627\u0631\u0629 \u062a\u0641\u0636\u064a\u0644\u0627\u062a \u0627\u0644\u062a\u0648\u0627\u0635\u0644 \u0627\u0644\u062e\u0627\u0635\u0629 \u0628\u0643\u060c \u064a\u0631\u062c\u0649 \u0627\u0644\u0627\u062a\u0635\u0627\u0644 \u0628\u0646\u0627 \u0639\u0628\u0631 \u0627\u0644\u0628\u0631\u064a\u062f \u0627\u0644\u0625\u0644\u0643\u062a\u0631\u0648\u0646\u064a: <strong data-start=\"2860\" data-end=\"2884\"><a class=\"decorated-link cursor-pointer\" rel=\"noopener\" data-start=\"2862\" data-end=\"2882\">info@multicom.com.tr<\/a><\/strong>.<\/p><p data-start=\"2889\" data-end=\"2916\"><strong data-start=\"2889\" data-end=\"2914\">\u062d\u0645\u0627\u064a\u0629 \u0628\u064a\u0627\u0646\u0627\u062a\u0643 \u0627\u0644\u0634\u062e\u0635\u064a\u0629<\/strong><\/p><p data-start=\"2918\" data-end=\"3099\">\u0639\u0646\u062f \u062a\u0633\u062c\u064a\u0644\u0643 \u0641\u064a \u0645\u0648\u0642\u0639\u0646\u0627\u060c \u0633\u064a\u064f\u0637\u0644\u0628 \u0645\u0646\u0643 \u062a\u0639\u064a\u064a\u0646 \u0627\u0633\u0645 \u0645\u0633\u062a\u062e\u062f\u0645 \u0648\u0643\u0644\u0645\u0629 \u0645\u0631\u0648\u0631 \u0644\u0644\u0648\u0635\u0648\u0644 \u0625\u0644\u0649 \u0645\u0639\u0644\u0648\u0645\u0627\u062a \u062d\u0633\u0627\u0628\u0643. \u0644\u062a\u063a\u064a\u064a\u0631 \u0627\u0633\u0645 \u0627\u0644\u0645\u0633\u062a\u062e\u062f\u0645 \u0623\u0648 \u0643\u0644\u0645\u0629 \u0627\u0644\u0645\u0631\u0648\u0631 \u0623\u0648 \u0644\u0625\u0644\u063a\u0627\u0621 \u062d\u0633\u0627\u0628\u0643\u060c \u0627\u062e\u062a\u0631 &#8220;\u062d\u0633\u0627\u0628\u064a&#8221; \u0641\u064a \u0623\u064a \u0635\u0641\u062d\u0629 \u0648\u0627\u062a\u0628\u0639 \u0627\u0644\u062a\u0639\u0644\u064a\u0645\u0627\u062a.<\/p><p data-start=\"3101\" data-end=\"3365\">\u0646\u062d\u0646 \u0646\u062a\u062e\u0630 \u0627\u0644\u062a\u062f\u0627\u0628\u064a\u0631 \u0627\u0644\u0625\u062f\u0627\u0631\u064a\u0629 \u0648\u0627\u0644\u062a\u0642\u0646\u064a\u0629 \u0648\u0627\u0644\u062a\u0646\u0638\u064a\u0645\u064a\u0629 \u0648\u0627\u0644\u0641\u064a\u0632\u064a\u0627\u0626\u064a\u0629 \u0627\u0644\u0644\u0627\u0632\u0645\u0629 \u0644\u062d\u0645\u0627\u064a\u0629 \u0628\u064a\u0627\u0646\u0627\u062a\u0643 \u0627\u0644\u0634\u062e\u0635\u064a\u0629 \u0627\u0644\u062a\u064a \u062a\u0642\u062f\u0645\u0647\u0627 \u0644\u0646\u0627 \u0636\u062f \u0627\u0644\u0625\u062a\u0644\u0627\u0641 \u0627\u0644\u0639\u0631\u0636\u064a \u0623\u0648 \u063a\u064a\u0631 \u0627\u0644\u0642\u0627\u0646\u0648\u0646\u064a\u060c \u0623\u0648 \u0627\u0644\u0641\u0642\u062f\u0627\u0646\u060c \u0623\u0648 \u0627\u0644\u062a\u063a\u064a\u064a\u0631\u060c \u0623\u0648 \u0627\u0644\u0648\u0635\u0648\u0644 \u063a\u064a\u0631 \u0627\u0644\u0645\u0635\u0631\u062d \u0628\u0647\u060c \u0623\u0648 \u0627\u0644\u0625\u0641\u0635\u0627\u062d\u060c \u0623\u0648 \u0627\u0644\u0627\u0633\u062a\u062e\u062f\u0627\u0645\u060c \u0623\u0648 \u0623\u064a \u0634\u0643\u0644 \u0622\u062e\u0631 \u0645\u0646 \u0623\u0634\u0643\u0627\u0644 \u0627\u0644\u0645\u0639\u0627\u0644\u062c\u0629 \u063a\u064a\u0631 \u0627\u0644\u0642\u0627\u0646\u0648\u0646\u064a\u0629.<\/p><p data-start=\"3367\" data-end=\"3463\">\u0639\u0646\u062f \u0646\u0642\u0644 \u0627\u0644\u0628\u064a\u0627\u0646\u0627\u062a \u0627\u0644\u062d\u0633\u0627\u0633\u0629 \u0645\u0646 \u062c\u0647\u0627\u0632\u0643 \u0625\u0644\u0649 \u062e\u0648\u0627\u062f\u0645\u0646\u0627\u060c \u0646\u0633\u062a\u062e\u062f\u0645 \u062a\u0642\u0646\u064a\u0629 \u0637\u0628\u0642\u0629 \u0627\u0644\u0645\u0642\u0627\u0628\u0633 \u0627\u0644\u0622\u0645\u0646\u0629 (SSL) \u0644\u0644\u062a\u0634\u0641\u064a\u0631.<\/p><p data-start=\"3465\" data-end=\"3506\"><strong data-start=\"3465\" data-end=\"3504\">\u0627\u0644\u062a\u0648\u0627\u0635\u0644 \u0639\u0628\u0631 \u0648\u0633\u0627\u0626\u0644 \u0627\u0644\u062a\u0648\u0627\u0635\u0644 \u0627\u0644\u0627\u062c\u062a\u0645\u0627\u0639\u064a<\/strong><\/p><p data-start=\"3508\" data-end=\"3970\">\u0645\u0646 \u062e\u0644\u0627\u0644 \u0627\u0644\u0623\u0632\u0631\u0627\u0631 \u0627\u0644\u0627\u062c\u062a\u0645\u0627\u0639\u064a\u0629 \u0627\u0644\u0645\u0642\u062f\u0645\u0629 \u0639\u0644\u0649 \u0645\u0648\u0642\u0639\u0646\u0627 \u0645\u062b\u0644 &#8220;\u0623\u0639\u062c\u0628\u0646\u064a&#8221; \u0623\u0648 &#8220;Pin it&#8221; \u0623\u0648 &#8220;+G1&#8243;\u060c \u0642\u062f \u0646\u062a\u0644\u0642\u0649 \u0645\u0639\u0644\u0648\u0645\u0627\u062a \u0645\u0646 \u0623\u0637\u0631\u0627\u0641 \u062b\u0627\u0644\u062b\u0629. \u0639\u0646\u062f \u0627\u0644\u0646\u0642\u0631 \u0639\u0644\u0649 \u0623\u062d\u062f \u0647\u0630\u0647 \u0627\u0644\u0623\u0632\u0631\u0627\u0631\u060c \u0642\u062f \u064a\u064f\u0637\u0644\u0628 \u0645\u0646\u0643 \u062a\u0633\u062c\u064a\u0644 \u0627\u0644\u062f\u062e\u0648\u0644 \u0625\u0644\u0649 \u0634\u0628\u0643\u0629 \u0627\u0644\u062a\u0648\u0627\u0635\u0644 \u0627\u0644\u0627\u062c\u062a\u0645\u0627\u0639\u064a \u0630\u0627\u062a \u0627\u0644\u0635\u0644\u0629. \u0648\u0623\u062b\u0646\u0627\u0621 \u062a\u0635\u0641\u062d\u0643 \u0644\u0645\u0648\u0642\u0639\u0646\u0627 \u0648\u0645\u0646\u0635\u0629 \u0627\u0644\u062a\u0648\u0627\u0635\u0644 \u0627\u0644\u0627\u062c\u062a\u0645\u0627\u0639\u064a \u0641\u064a \u0646\u0641\u0633 \u0627\u0644\u0648\u0642\u062a\u060c \u0633\u062a\u0643\u0648\u0646 \u062a\u062c\u0631\u0628\u062a\u0643 \u0645\u0639 \u0627\u0644\u0645\u0643\u0648\u0646\u0627\u062a \u0627\u0644\u0627\u062c\u062a\u0645\u0627\u0639\u064a\u0629 \u062e\u0627\u0636\u0639\u0629 \u0644\u0633\u064a\u0627\u0633\u0627\u062a \u0627\u0644\u062e\u0635\u0648\u0635\u064a\u0629 \u0648\u0627\u0644\u0633\u064a\u0627\u0633\u0627\u062a \u0627\u0644\u0623\u062e\u0631\u0649 \u0627\u0644\u062e\u0627\u0635\u0629 \u0628\u062a\u0644\u0643 \u0627\u0644\u0645\u0646\u0635\u0629. \u0648\u0628\u0627\u0644\u062a\u0627\u0644\u064a\u060c \u0641\u0625\u0646 \u0645\u062f\u0649 \u0625\u062a\u0627\u062d\u0629 \u0645\u0639\u0644\u0648\u0645\u0627\u062a\u0643 \u0644\u0644\u0639\u0627\u0645\u0629 \u064a\u0639\u062a\u0645\u062f \u0639\u0644\u0649 \u0625\u0639\u062f\u0627\u062f\u0627\u062a \u0627\u0644\u062e\u0635\u0648\u0635\u064a\u0629 \u0627\u0644\u062a\u064a \u0627\u062e\u062a\u0631\u062a\u0647\u0627 \u062f\u0627\u062e\u0644 \u062a\u0644\u0643 \u0627\u0644\u0645\u0646\u0635\u0629.<\/p>\t\t\t\t\t\t\t\t<\/div>\n\t\t\t\t<\/div>\n\t\t\t\t<\/div>\n\t\t\t\t\t<\/div>\n\t\t\t\t<\/div>\n\t\t\t\t<\/div>\n\t\t","protected":false},"excerpt":{"rendered":"<p>\u00d8\u00b3\u00d9\u0160\u00d8\u00a7\u00d8\u00b3\u00d8\u00a9 \u00d8\u00a7\u00d9\u201e\u00d8\u00ae\u00d8\u00b5\u00d9\u02c6\u00d8\u00b5\u00d9\u0160\u00d8\u00a9 \u00d8\u00aa\u00d9\u02c6\u00d9\u201e\u00d9\u0160 \u00d8\u00b4\u00d8\u00b1\u00d9\u0192\u00d8\u00a9 MULT\u00c4\u00b0COM ELEKTRON\u00c4\u00b0K VE HABERLE\u00c5\u017eME S\u00c4\u00b0STEMLER\u00c4\u00b0 SANAY\u00c4\u00b0 VE T\u00c4\u00b0CARET L\u00c4\u00b0M\u00c4\u00b0TED \u00c5\u017e\u00c4\u00b0RKET\u00c4\u00b0 \u00d8\u00a3\u00d9\u2021\u00d9\u2026\u00d9\u0160\u00d8\u00a9 \u00d9\u0192\u00d8\u00a8\u00d9\u0160\u00d8\u00b1\u00d8\u00a9 \u00d9\u201e\u00d8\u00b9\u00d9\u201e\u00d8\u00a7\u00d9\u201a\u00d8\u00a9 \u00d8\u00a7\u00d9\u201e\u00d8\u00ab\u00d9\u201a\u00d8\u00a9 \u00d8\u00a7\u00d9\u201e\u00d9\u2026\u00d8\u00aa\u00d8\u00a8\u00d8\u00a7\u00d8\u00af\u00d9\u201e\u00d8\u00a9 \u00d8\u00a7\u00d9\u201e\u00d8\u00aa\u00d9\u0160<\/p>\n","protected":false},"author":1,"featured_media":0,"parent":0,"menu_order":0,"comment_status":"closed","ping_status":"closed","template":"","meta":{"footnotes":""},"class_list":["post-212178","page","type-page","status-publish","hentry"],"_links":{"self":[{"href":"https:\/\/multicom.com.tr\/ar\/wp-json\/wp\/v2\/pages\/212178","targetHints":{"allow":["GET"]}}],"collection":[{"href":"https:\/\/multicom.com.tr\/ar\/wp-json\/wp\/v2\/pages"}],"about":[{"href":"https:\/\/multicom.com.tr\/ar\/wp-json\/wp\/v2\/types\/page"}],"author":[{"embeddable":true,"href":"https:\/\/multicom.com.tr\/ar\/wp-json\/wp\/v2\/users\/1"}],"replies":[{"embeddable":true,"href":"https:\/\/multicom.com.tr\/ar\/wp-json\/wp\/v2\/comments?post=212178"}],"version-history":[{"count":5,"href":"https:\/\/multicom.com.tr\/ar\/wp-json\/wp\/v2\/pages\/212178\/revisions"}],"predecessor-version":[{"id":212192,"href":"https:\/\/multicom.com.tr\/ar\/wp-json\/wp\/v2\/pages\/212178\/revisions\/212192"}],"wp:attachment":[{"href":"https:\/\/multicom.com.tr\/ar\/wp-json\/wp\/v2\/media?parent=212178"}],"curies":[{"name":"wp","href":"https:\/\/api.w.org\/{rel}","templated":true}]}}