{"id":206150,"date":"2021-11-30T10:19:17","date_gmt":"2021-11-30T07:19:17","guid":{"rendered":"https:\/\/multicom.com.tr\/personel-takip-cozumleri\/"},"modified":"2024-10-14T21:55:24","modified_gmt":"2024-10-14T18:55:24","slug":"personel-takip-cozumleri","status":"publish","type":"page","link":"https:\/\/multicom.com.tr\/ar\/personel-takip-cozumleri\/","title":{"rendered":"\u00d8\u00ad\u00d9\u201e\u00d9\u02c6\u00d9\u201e \u00d8\u00aa\u00d8\u00aa\u00d8\u00a8\u00d8\u00b9 \u00d8\u00a7\u00d9\u201e\u00d9\u2026\u00d9\u02c6\u00d8\u00b8\u00d9\u0081\u00d9\u0160\u00d9\u2020"},"content":{"rendered":"\t\t<div data-elementor-type=\"wp-page\" data-elementor-id=\"206150\" class=\"elementor elementor-206150 elementor-3441\">\n\t\t\t\t<div class=\"elementor-element elementor-element-3ec1d68 e-flex e-con-boxed e-con e-parent\" data-id=\"3ec1d68\" data-element_type=\"container\">\n\t\t\t\t\t<div class=\"e-con-inner\">\n\t\t\t\t<div class=\"elementor-element elementor-element-76dfc83 elementor-widget elementor-widget-heading\" data-id=\"76dfc83\" data-element_type=\"widget\" data-widget_type=\"heading.default\">\n\t\t\t\t<div class=\"elementor-widget-container\">\n\t\t\t\t\t<h1 class=\"elementor-heading-title elementor-size-default\">\u062d\u0644\u0648\u0644 \u062a\u062a\u0628\u0639 \u0627\u0644\u0645\u0648\u0638\u0641\u064a\u0646<\/h1>\t\t\t\t<\/div>\n\t\t\t\t<\/div>\n\t\t\t\t<div class=\"elementor-element elementor-element-4effce0 elementor-widget-divider--view-line elementor-widget elementor-widget-divider\" data-id=\"4effce0\" data-element_type=\"widget\" data-widget_type=\"divider.default\">\n\t\t\t\t<div class=\"elementor-widget-container\">\n\t\t\t\t\t\t\t<div class=\"elementor-divider\">\n\t\t\t<span class=\"elementor-divider-separator\">\n\t\t\t\t\t\t<\/span>\n\t\t<\/div>\n\t\t\t\t\t\t<\/div>\n\t\t\t\t<\/div>\n\t\t\t\t\t<\/div>\n\t\t\t\t<\/div>\n\t\t<div class=\"elementor-element elementor-element-2d2adb3 e-flex e-con-boxed elementor-invisible e-con e-parent\" data-id=\"2d2adb3\" data-element_type=\"container\" data-settings=\"{&quot;animation&quot;:&quot;fadeInUp&quot;}\">\n\t\t\t\t\t<div class=\"e-con-inner\">\n\t\t<div class=\"elementor-element elementor-element-a9f2c2f e-con-full e-flex e-con e-child\" data-id=\"a9f2c2f\" data-element_type=\"container\">\n\t\t\t\t<div class=\"elementor-element elementor-element-f76edce elementor-widget elementor-widget-image\" data-id=\"f76edce\" data-element_type=\"widget\" data-widget_type=\"image.default\">\n\t\t\t\t<div class=\"elementor-widget-container\">\n\t\t\t\t\t\t\t\t\t\t\t\t\t\t\t<img fetchpriority=\"high\" decoding=\"async\" width=\"1600\" height=\"900\" src=\"https:\/\/multicom.com.tr\/wp-content\/uploads\/2022\/01\/personel-takip-cozumleri-1.jpg\" class=\"attachment-full size-full wp-image-204707\" alt=\"\" srcset=\"https:\/\/multicom.com.tr\/wp-content\/uploads\/2022\/01\/personel-takip-cozumleri-1.jpg 1600w, https:\/\/multicom.com.tr\/wp-content\/uploads\/2022\/01\/personel-takip-cozumleri-1-300x169.jpg 300w, https:\/\/multicom.com.tr\/wp-content\/uploads\/2022\/01\/personel-takip-cozumleri-1-1024x576.jpg 1024w, https:\/\/multicom.com.tr\/wp-content\/uploads\/2022\/01\/personel-takip-cozumleri-1-768x432.jpg 768w, https:\/\/multicom.com.tr\/wp-content\/uploads\/2022\/01\/personel-takip-cozumleri-1-1536x864.jpg 1536w, https:\/\/multicom.com.tr\/wp-content\/uploads\/2022\/01\/personel-takip-cozumleri-1-1200x675.jpg 1200w, https:\/\/multicom.com.tr\/wp-content\/uploads\/2022\/01\/personel-takip-cozumleri-1-150x84.jpg 150w\" sizes=\"(max-width: 1600px) 100vw, 1600px\" title=\"\">\t\t\t\t\t\t\t\t\t\t\t\t\t\t\t<\/div>\n\t\t\t\t<\/div>\n\t\t\t\t<\/div>\n\t\t<div class=\"elementor-element elementor-element-5a0f240 e-con-full e-flex e-con e-child\" data-id=\"5a0f240\" data-element_type=\"container\">\n\t\t\t\t<div class=\"elementor-element elementor-element-cb364ac elementor-widget elementor-widget-text-editor\" data-id=\"cb364ac\" data-element_type=\"widget\" data-widget_type=\"text-editor.default\">\n\t\t\t\t<div class=\"elementor-widget-container\">\n\t\t\t\t\t\t\t\t\t<p>\u062a\u0642\u062f\u0645 \u062d\u0644\u0648\u0644 \u062a\u062a\u0628\u0639 \u0627\u0644\u0645\u0648\u0638\u0641\u064a\u0646 \u0641\u0648\u0627\u0626\u062f \u0644\u0627 \u062d\u0635\u0631 \u0644\u0647\u0627 \u0644\u0644\u0634\u0631\u0643\u0627\u062a \u0627\u0644\u062a\u064a \u062a\u0631\u063a\u0628 \u0641\u064a \u0632\u064a\u0627\u062f\u0629 \u0623\u0645\u0627\u0646 \u0645\u0646\u0634\u0622\u062a\u0647\u0627\u060c \u0648\u0645\u0631\u0627\u0642\u0628\u0629 \u0643\u0641\u0627\u0621\u0629 \u0627\u0644\u0645\u0648\u0638\u0641\u064a\u0646\u060c \u0648\u062a\u0635\u0645\u064a\u0645 \u0625\u062c\u0631\u0627\u0621\u0627\u062a \u062a\u062d\u0636\u064a\u0631 \u0644\u0644\u0637\u0648\u0627\u0631\u0626. \u0633\u0648\u0627\u0621 \u0643\u0646\u062a \u0634\u0631\u0643\u0629 \u0645\u062a\u0648\u0633\u0637\u0629 \u0627\u0644\u062d\u062c\u0645 \u0623\u0648 \u0634\u0631\u0643\u0629 \u062f\u0648\u0644\u064a\u0629\u060c \u0641\u0625\u0646 \u0633\u0644\u0627\u0645\u0629 \u0627\u0644\u0645\u0648\u0638\u0641\u064a\u0646 \u0647\u064a \u0647\u062f\u0641 \u0645\u0634\u062a\u0631\u0643.<\/p><p>\u064a\u0645\u0643\u0646\u0643 \u0625\u062f\u0627\u0631\u0629 \u0643\u0641\u0627\u0621\u0629 \u0627\u0644\u0645\u0648\u0638\u0641\u064a\u0646 \u0628\u0633\u0647\u0648\u0644\u0629 \u0628\u0627\u0633\u062a\u062e\u062f\u0627\u0645 \u062d\u0644\u0648\u0644 \u062a\u062a\u0628\u0639 \u0627\u0644\u0645\u0648\u0638\u0641\u064a\u0646. \u0645\u0646 \u062e\u0644\u0627\u0644 \u0627\u0633\u062a\u062e\u062f\u0627\u0645 \u0628\u0637\u0627\u0642\u0627\u062a \u0647\u0648\u064a\u0629 \u0627\u0644\u0645\u0648\u0638\u0641\u064a\u0646\u060c \u064a\u0645\u0643\u0646\u0643 \u062a\u062a\u0628\u0639 \u0623\u0648\u0642\u0627\u062a \u0628\u062f\u0621 \u0648\u0627\u0646\u062a\u0647\u0627\u0621 \u0646\u0648\u0628\u0627\u062a \u0627\u0644\u0639\u0645\u0644 \u0644\u0644\u0645\u0648\u0638\u0641\u064a\u0646 \u0644\u062f\u064a\u0643 \u0628\u0633\u0647\u0648\u0644\u0629. \u0628\u0627\u0644\u0625\u0636\u0627\u0641\u0629 \u0625\u0644\u0649 \u0630\u0644\u0643\u060c \u064a\u0645\u0643\u0646 \u0627\u0633\u062a\u062e\u062f\u0627\u0645 \u062d\u0644\u0648\u0644 \u0627\u0644\u062a\u062a\u0628\u0639 \u0644\u062a\u062a\u0628\u0639 \u0627\u0644\u0623\u0635\u0648\u0644. \u062a\u0633\u0627\u0639\u062f \u0647\u0630\u0647 \u0627\u0644\u062d\u0644\u0648\u0644 \u0641\u064a \u0645\u0631\u0627\u0642\u0628\u0629 \u0645\u062a\u0649 \u0648\u0623\u064a\u0646 \u062a\u0645 \u0627\u0633\u062a\u062e\u062f\u0627\u0645 \u0627\u0644\u0645\u0639\u062f\u0627\u062a.<\/p>\t\t\t\t\t\t\t\t<\/div>\n\t\t\t\t<\/div>\n\t\t\t\t<\/div>\n\t\t\t\t\t<\/div>\n\t\t\t\t<\/div>\n\t\t<div class=\"elementor-element elementor-element-c617e91 elementor-hidden-tablet elementor-hidden-mobile e-flex e-con-boxed elementor-invisible e-con e-parent\" data-id=\"c617e91\" data-element_type=\"container\" data-settings=\"{&quot;animation&quot;:&quot;fadeInUp&quot;}\">\n\t\t\t\t\t<div class=\"e-con-inner\">\n\t\t<div class=\"elementor-element elementor-element-17dad2a e-con-full e-flex e-con e-child\" data-id=\"17dad2a\" data-element_type=\"container\">\n\t\t\t\t<div class=\"elementor-element elementor-element-774a814 elementor-widget elementor-widget-text-editor\" data-id=\"774a814\" data-element_type=\"widget\" data-widget_type=\"text-editor.default\">\n\t\t\t\t<div class=\"elementor-widget-container\">\n\t\t\t\t\t\t\t\t\t<p>\u0646\u062e\u0635\u0635 \u0627\u0644\u062d\u0644\u0648\u0644 \u0648\u0641\u0642\u064b\u0627 \u0644\u0627\u062d\u062a\u064a\u0627\u062c\u0627\u062a \u0645\u0624\u0633\u0633\u062a\u0643 \u0648\u0628\u064a\u0626\u062a\u0643 \u0627\u0633\u062a\u0646\u0627\u062f\u064b\u0627 \u0625\u0644\u0649 \u0627\u0644\u0645\u0643\u0648\u0646\u0627\u062a \u0627\u0644\u062a\u0643\u0646\u0648\u0644\u0648\u062c\u064a\u0629 \u0627\u0644\u062a\u0627\u0644\u064a\u0629:<\/p><ul><li><strong>\u0627\u0644\u0645\u0644\u0635\u0642\u0627\u062a<\/strong>: \u064a\u0645\u0643\u0646 \u0648\u0636\u0639 \u0647\u0630\u0647 \u0627\u0644\u0645\u0644\u0635\u0642\u0627\u062a \u0639\u0644\u0649 \u0628\u0637\u0627\u0642\u0627\u062a \u0647\u0648\u064a\u0629 \u0627\u0644\u0645\u0648\u0638\u0641\u064a\u0646.<\/li><li><strong>\u0642\u0627\u0631\u0626\u0627\u062a<\/strong>: \u064a\u062a\u0645 \u062a\u062b\u0628\u064a\u062a \u0627\u0644\u0642\u0627\u0631\u0626\u0627\u062a \u0639\u0644\u0649 \u0627\u0644\u0645\u062e\u0627\u0631\u062c \u0648\u0623\u0645\u0627\u0643\u0646 \u0627\u0644\u062a\u062c\u0645\u0639 \u0627\u0644\u0645\u062d\u062f\u062f\u0629.<\/li><li><strong>\u0627\u0644\u0628\u0631\u0645\u062c\u064a\u0627\u062a<\/strong>: \u062a\u0646\u0638\u0645 \u0647\u0630\u0647 \u0627\u0644\u0628\u0631\u0645\u062c\u064a\u0627\u062a \u0627\u0644\u0628\u064a\u0627\u0646\u0627\u062a\u060c \u0645\u0645\u0627 \u064a\u0633\u0645\u062d \u0644\u0643 \u0628\u0631\u0624\u064a\u0629 \u0645\u0643\u0627\u0646 \u0648\u062c\u0648\u062f \u0645\u0648\u0638\u0641\u064a\u0643.<\/li><\/ul><p>\u0641\u064a \u062d\u0627\u0644\u0629 \u062d\u062f\u0648\u062b \u0637\u0627\u0631\u0626 \u063a\u064a\u0631 \u0645\u062a\u0648\u0642\u0639 \u0641\u064a \u0645\u0643\u0627\u0646 \u0627\u0644\u0639\u0645\u0644\u060c \u0646\u062d\u0646 \u0646\u0639\u0644\u0645 \u0623\u0646 \u0633\u0644\u0627\u0645\u0629 \u0645\u0648\u0638\u0641\u064a\u0643 \u0647\u064a \u0623\u0648\u0644\u0648\u064a\u0629 \u0642\u0635\u0648\u0649. \u064a\u0645\u0643\u0646 \u0623\u0646 \u062a\u0643\u0648\u0646 \u062d\u0644\u0648\u0644 \u0627\u0644\u062a\u062a\u0628\u0639 \u062a\u0643\u0646\u0648\u0644\u0648\u062c\u064a\u0627 \u0645\u0646\u0642\u0630\u0629 \u0644\u0644\u062d\u064a\u0627\u0629 \u062a\u062a\u064a\u062d \u0644\u0643 \u062a\u062d\u062f\u064a\u062f \u0645\u0648\u0627\u0642\u0639 \u0627\u0644\u0645\u0648\u0638\u0641\u064a\u0646 \u0641\u064a \u062d\u0627\u0644\u0627\u062a \u0627\u0644\u0637\u0648\u0627\u0631\u0626. \u0641\u064a \u0633\u064a\u0646\u0627\u0631\u064a\u0648 \u0646\u0645\u0648\u0630\u062c\u064a\u060c \u064a\u063a\u0627\u062f\u0631 \u0627\u0644\u0645\u0648\u0638\u0641\u0648\u0646 \u0645\u0646\u0634\u0623\u062a\u0643 \u0648\u064a\u062a\u062c\u0645\u0639\u0648\u0646 \u0641\u064a \u0645\u0643\u0627\u0646 \u0645\u062d\u062f\u062f. \u0646\u0638\u0627\u0645 \u064a\u0624\u0643\u062f \u0645\u0646 \u062e\u0631\u062c \u0645\u0646 \u0627\u0644\u0645\u0648\u0642\u0639 \u0628\u0623\u0645\u0627\u0646 \u064a\u0639\u062f \u0645\u0646\u0642\u0630\u064b\u0627 \u0644\u0644\u062d\u064a\u0627\u0629. \u064a\u0645\u0643\u0646 \u0644\u0641\u0631\u0642 \u0627\u0644\u0637\u0648\u0627\u0631\u0626 \u0627\u0633\u062a\u062e\u062f\u0627\u0645 \u0647\u0630\u0627 \u0627\u0644\u0646\u0638\u0627\u0645 \u0644\u062a\u062d\u062f\u064a\u062f \u0623\u064a \u0627\u0644\u0645\u0648\u0638\u0641\u064a\u0646 \u0642\u062f \u063a\u0627\u062f\u0631\u0648\u0627 \u0627\u0644\u0645\u0628\u0646\u0649 \u0648\u0623\u064a\u0647\u0645 \u0644\u0627 \u064a\u0632\u0627\u0644\u0648\u0646 \u0641\u064a\u0647.<\/p>\t\t\t\t\t\t\t\t<\/div>\n\t\t\t\t<\/div>\n\t\t\t\t<\/div>\n\t\t<div class=\"elementor-element elementor-element-9c0713f e-con-full e-flex e-con e-child\" data-id=\"9c0713f\" data-element_type=\"container\">\n\t\t\t\t<div class=\"elementor-element elementor-element-d8b5aa6 elementor-widget elementor-widget-image\" data-id=\"d8b5aa6\" data-element_type=\"widget\" data-widget_type=\"image.default\">\n\t\t\t\t<div class=\"elementor-widget-container\">\n\t\t\t\t\t\t\t\t\t\t\t\t\t\t\t<img decoding=\"async\" width=\"1600\" height=\"900\" src=\"https:\/\/multicom.com.tr\/wp-content\/uploads\/2022\/01\/personel-takip-cozumleri-2.jpg\" class=\"attachment-full size-full wp-image-204709\" alt=\"\" srcset=\"https:\/\/multicom.com.tr\/wp-content\/uploads\/2022\/01\/personel-takip-cozumleri-2.jpg 1600w, https:\/\/multicom.com.tr\/wp-content\/uploads\/2022\/01\/personel-takip-cozumleri-2-300x169.jpg 300w, https:\/\/multicom.com.tr\/wp-content\/uploads\/2022\/01\/personel-takip-cozumleri-2-1024x576.jpg 1024w, https:\/\/multicom.com.tr\/wp-content\/uploads\/2022\/01\/personel-takip-cozumleri-2-768x432.jpg 768w, https:\/\/multicom.com.tr\/wp-content\/uploads\/2022\/01\/personel-takip-cozumleri-2-1536x864.jpg 1536w, https:\/\/multicom.com.tr\/wp-content\/uploads\/2022\/01\/personel-takip-cozumleri-2-1200x675.jpg 1200w, https:\/\/multicom.com.tr\/wp-content\/uploads\/2022\/01\/personel-takip-cozumleri-2-150x84.jpg 150w\" sizes=\"(max-width: 1600px) 100vw, 1600px\" title=\"\">\t\t\t\t\t\t\t\t\t\t\t\t\t\t\t<\/div>\n\t\t\t\t<\/div>\n\t\t\t\t<\/div>\n\t\t\t\t\t<\/div>\n\t\t\t\t<\/div>\n\t\t<div class=\"elementor-element elementor-element-e268dd3 elementor-hidden-desktop e-flex e-con-boxed elementor-invisible e-con e-parent\" data-id=\"e268dd3\" data-element_type=\"container\" data-settings=\"{&quot;animation&quot;:&quot;fadeInUp&quot;}\">\n\t\t\t\t\t<div class=\"e-con-inner\">\n\t\t<div class=\"elementor-element elementor-element-ac231bd e-con-full e-flex e-con e-child\" data-id=\"ac231bd\" data-element_type=\"container\">\n\t\t\t\t<div class=\"elementor-element elementor-element-9b9b17a elementor-widget elementor-widget-image\" data-id=\"9b9b17a\" data-element_type=\"widget\" data-widget_type=\"image.default\">\n\t\t\t\t<div class=\"elementor-widget-container\">\n\t\t\t\t\t\t\t\t\t\t\t\t\t\t\t<img decoding=\"async\" width=\"1600\" height=\"900\" src=\"https:\/\/multicom.com.tr\/wp-content\/uploads\/2022\/01\/personel-takip-cozumleri-2.jpg\" class=\"attachment-full size-full wp-image-204709\" alt=\"\" srcset=\"https:\/\/multicom.com.tr\/wp-content\/uploads\/2022\/01\/personel-takip-cozumleri-2.jpg 1600w, https:\/\/multicom.com.tr\/wp-content\/uploads\/2022\/01\/personel-takip-cozumleri-2-300x169.jpg 300w, https:\/\/multicom.com.tr\/wp-content\/uploads\/2022\/01\/personel-takip-cozumleri-2-1024x576.jpg 1024w, https:\/\/multicom.com.tr\/wp-content\/uploads\/2022\/01\/personel-takip-cozumleri-2-768x432.jpg 768w, https:\/\/multicom.com.tr\/wp-content\/uploads\/2022\/01\/personel-takip-cozumleri-2-1536x864.jpg 1536w, https:\/\/multicom.com.tr\/wp-content\/uploads\/2022\/01\/personel-takip-cozumleri-2-1200x675.jpg 1200w, https:\/\/multicom.com.tr\/wp-content\/uploads\/2022\/01\/personel-takip-cozumleri-2-150x84.jpg 150w\" sizes=\"(max-width: 1600px) 100vw, 1600px\" title=\"\">\t\t\t\t\t\t\t\t\t\t\t\t\t\t\t<\/div>\n\t\t\t\t<\/div>\n\t\t\t\t<\/div>\n\t\t<div class=\"elementor-element elementor-element-00e7a86 e-con-full e-flex e-con e-child\" data-id=\"00e7a86\" data-element_type=\"container\">\n\t\t\t\t<div class=\"elementor-element elementor-element-9f82500 elementor-widget elementor-widget-text-editor\" data-id=\"9f82500\" data-element_type=\"widget\" data-widget_type=\"text-editor.default\">\n\t\t\t\t<div class=\"elementor-widget-container\">\n\t\t\t\t\t\t\t\t\t<p>\u0646\u062e\u0635\u0635 \u0627\u0644\u062d\u0644\u0648\u0644 \u0648\u0641\u0642\u064b\u0627 \u0644\u0627\u062d\u062a\u064a\u0627\u062c\u0627\u062a \u0645\u0624\u0633\u0633\u062a\u0643 \u0648\u0628\u064a\u0626\u062a\u0643 \u0627\u0633\u062a\u0646\u0627\u062f\u064b\u0627 \u0625\u0644\u0649 \u0627\u0644\u0645\u0643\u0648\u0646\u0627\u062a \u0627\u0644\u062a\u0643\u0646\u0648\u0644\u0648\u062c\u064a\u0629 \u0627\u0644\u062a\u0627\u0644\u064a\u0629:<\/p><ul><li><strong>\u0627\u0644\u0645\u0644\u0635\u0642\u0627\u062a<\/strong>: \u064a\u0645\u0643\u0646 \u0648\u0636\u0639 \u0647\u0630\u0647 \u0627\u0644\u0645\u0644\u0635\u0642\u0627\u062a \u0639\u0644\u0649 \u0628\u0637\u0627\u0642\u0627\u062a \u0647\u0648\u064a\u0629 \u0627\u0644\u0645\u0648\u0638\u0641\u064a\u0646.<\/li><li><strong>\u0642\u0627\u0631\u0626\u0627\u062a<\/strong>: \u064a\u062a\u0645 \u062a\u062b\u0628\u064a\u062a \u0627\u0644\u0642\u0627\u0631\u0626\u0627\u062a \u0639\u0644\u0649 \u0627\u0644\u0645\u062e\u0627\u0631\u062c \u0648\u0623\u0645\u0627\u0643\u0646 \u0627\u0644\u062a\u062c\u0645\u0639 \u0627\u0644\u0645\u062d\u062f\u062f\u0629.<\/li><li><strong>\u0627\u0644\u0628\u0631\u0645\u062c\u064a\u0627\u062a<\/strong>: \u062a\u0646\u0638\u0645 \u0647\u0630\u0647 \u0627\u0644\u0628\u0631\u0645\u062c\u064a\u0627\u062a \u0627\u0644\u0628\u064a\u0627\u0646\u0627\u062a\u060c \u0645\u0645\u0627 \u064a\u0633\u0645\u062d \u0644\u0643 \u0628\u0631\u0624\u064a\u0629 \u0645\u0643\u0627\u0646 \u0648\u062c\u0648\u062f \u0645\u0648\u0638\u0641\u064a\u0643.<\/li><\/ul><p>\u0641\u064a \u062d\u0627\u0644\u0629 \u062d\u062f\u0648\u062b \u0637\u0627\u0631\u0626 \u063a\u064a\u0631 \u0645\u062a\u0648\u0642\u0639 \u0641\u064a \u0645\u0643\u0627\u0646 \u0627\u0644\u0639\u0645\u0644\u060c \u0646\u062d\u0646 \u0646\u0639\u0644\u0645 \u0623\u0646 \u0633\u0644\u0627\u0645\u0629 \u0645\u0648\u0638\u0641\u064a\u0643 \u0647\u064a \u0623\u0648\u0644\u0648\u064a\u0629 \u0642\u0635\u0648\u0649. \u064a\u0645\u0643\u0646 \u0623\u0646 \u062a\u0643\u0648\u0646 \u062d\u0644\u0648\u0644 \u0627\u0644\u062a\u062a\u0628\u0639 \u062a\u0643\u0646\u0648\u0644\u0648\u062c\u064a\u0627 \u0645\u0646\u0642\u0630\u0629 \u0644\u0644\u062d\u064a\u0627\u0629 \u062a\u062a\u064a\u062d \u0644\u0643 \u062a\u062d\u062f\u064a\u062f \u0645\u0648\u0627\u0642\u0639 \u0627\u0644\u0645\u0648\u0638\u0641\u064a\u0646 \u0641\u064a \u062d\u0627\u0644\u0627\u062a \u0627\u0644\u0637\u0648\u0627\u0631\u0626. \u0641\u064a \u0633\u064a\u0646\u0627\u0631\u064a\u0648 \u0646\u0645\u0648\u0630\u062c\u064a\u060c \u064a\u063a\u0627\u062f\u0631 \u0627\u0644\u0645\u0648\u0638\u0641\u0648\u0646 \u0645\u0646\u0634\u0623\u062a\u0643 \u0648\u064a\u062a\u062c\u0645\u0639\u0648\u0646 \u0641\u064a \u0645\u0643\u0627\u0646 \u0645\u062d\u062f\u062f. \u0646\u0638\u0627\u0645 \u064a\u0624\u0643\u062f \u0645\u0646 \u062e\u0631\u062c \u0645\u0646 \u0627\u0644\u0645\u0648\u0642\u0639 \u0628\u0623\u0645\u0627\u0646 \u064a\u0639\u062f \u0645\u0646\u0642\u0630\u064b\u0627 \u0644\u0644\u062d\u064a\u0627\u0629. \u064a\u0645\u0643\u0646 \u0644\u0641\u0631\u0642 \u0627\u0644\u0637\u0648\u0627\u0631\u0626 \u0627\u0633\u062a\u062e\u062f\u0627\u0645 \u0647\u0630\u0627 \u0627\u0644\u0646\u0638\u0627\u0645 \u0644\u062a\u062d\u062f\u064a\u062f \u0623\u064a \u0627\u0644\u0645\u0648\u0638\u0641\u064a\u0646 \u0642\u062f \u063a\u0627\u062f\u0631\u0648\u0627 \u0627\u0644\u0645\u0628\u0646\u0649 \u0648\u0623\u064a\u0647\u0645 \u0644\u0627 \u064a\u0632\u0627\u0644\u0648\u0646 \u0641\u064a\u0647.<\/p>\t\t\t\t\t\t\t\t<\/div>\n\t\t\t\t<\/div>\n\t\t\t\t<\/div>\n\t\t\t\t\t<\/div>\n\t\t\t\t<\/div>\n\t\t\t\t<\/div>\n\t\t","protected":false},"excerpt":{"rendered":"<p>\u00d8\u00ad\u00d9\u201e\u00d9\u02c6\u00d9\u201e \u00d8\u00aa\u00d8\u00aa\u00d8\u00a8\u00d8\u00b9 \u00d8\u00a7\u00d9\u201e\u00d9\u2026\u00d9\u02c6\u00d8\u00b8\u00d9\u0081\u00d9\u0160\u00d9\u2020 \u00d8\u00aa\u00d9\u201a\u00d8\u00af\u00d9\u2026 \u00d8\u00ad\u00d9\u201e\u00d9\u02c6\u00d9\u201e \u00d8\u00aa\u00d8\u00aa\u00d8\u00a8\u00d8\u00b9 \u00d8\u00a7\u00d9\u201e\u00d9\u2026\u00d9\u02c6\u00d8\u00b8\u00d9\u0081\u00d9\u0160\u00d9\u2020 \u00d9\u0081\u00d9\u02c6\u00d8\u00a7\u00d8\u00a6\u00d8\u00af \u00d9\u201e\u00d8\u00a7 \u00d8\u00ad\u00d8\u00b5\u00d8\u00b1 \u00d9\u201e\u00d9\u2021\u00d8\u00a7 \u00d9\u201e\u00d9\u201e\u00d8\u00b4\u00d8\u00b1\u00d9\u0192\u00d8\u00a7\u00d8\u00aa \u00d8\u00a7\u00d9\u201e\u00d8\u00aa\u00d9\u0160 \u00d8\u00aa\u00d8\u00b1\u00d8\u00ba\u00d8\u00a8 \u00d9\u0081\u00d9\u0160 \u00d8\u00b2\u00d9\u0160\u00d8\u00a7\u00d8\u00af\u00d8\u00a9 \u00d8\u00a3\u00d9\u2026\u00d8\u00a7\u00d9\u2020 \u00d9\u2026\u00d9\u2020\u00d8\u00b4\u00d8\u00a2\u00d8\u00aa\u00d9\u2021\u00d8\u00a7\u00d8\u0152 \u00d9\u02c6\u00d9\u2026\u00d8\u00b1\u00d8\u00a7\u00d9\u201a\u00d8\u00a8\u00d8\u00a9 \u00d9\u0192\u00d9\u0081\u00d8\u00a7\u00d8\u00a1\u00d8\u00a9<\/p>\n","protected":false},"author":2,"featured_media":0,"parent":0,"menu_order":0,"comment_status":"closed","ping_status":"closed","template":"","meta":{"footnotes":""},"class_list":["post-206150","page","type-page","status-publish","hentry"],"_links":{"self":[{"href":"https:\/\/multicom.com.tr\/ar\/wp-json\/wp\/v2\/pages\/206150","targetHints":{"allow":["GET"]}}],"collection":[{"href":"https:\/\/multicom.com.tr\/ar\/wp-json\/wp\/v2\/pages"}],"about":[{"href":"https:\/\/multicom.com.tr\/ar\/wp-json\/wp\/v2\/types\/page"}],"author":[{"embeddable":true,"href":"https:\/\/multicom.com.tr\/ar\/wp-json\/wp\/v2\/users\/2"}],"replies":[{"embeddable":true,"href":"https:\/\/multicom.com.tr\/ar\/wp-json\/wp\/v2\/comments?post=206150"}],"version-history":[{"count":5,"href":"https:\/\/multicom.com.tr\/ar\/wp-json\/wp\/v2\/pages\/206150\/revisions"}],"predecessor-version":[{"id":209112,"href":"https:\/\/multicom.com.tr\/ar\/wp-json\/wp\/v2\/pages\/206150\/revisions\/209112"}],"wp:attachment":[{"href":"https:\/\/multicom.com.tr\/ar\/wp-json\/wp\/v2\/media?parent=206150"}],"curies":[{"name":"wp","href":"https:\/\/api.w.org\/{rel}","templated":true}]}}